{"id":485,"date":"2024-12-01T16:18:05","date_gmt":"2024-12-01T15:18:05","guid":{"rendered":"https:\/\/assoprofnadeau.com\/?page_id=485"},"modified":"2026-04-16T09:24:00","modified_gmt":"2026-04-16T07:24:00","slug":"3-mouvements","status":"publish","type":"page","link":"https:\/\/www.technique-nadeau.fr\/index.php\/3-mouvements\/","title":{"rendered":"Les 3 mouvements"},"content":{"rendered":"\t\t<div data-elementor-type=\"wp-page\" data-elementor-id=\"485\" class=\"elementor elementor-485\">\n\t\t\t\t<div class=\"elementor-element elementor-element-2be0e22 e-flex e-con-boxed wpr-particle-no wpr-jarallax-no wpr-parallax-no wpr-sticky-section-no wpr-equal-height-no e-con e-parent\" data-id=\"2be0e22\" data-element_type=\"container\" data-e-type=\"container\" data-settings=\"{&quot;background_background&quot;:&quot;classic&quot;}\">\n\t\t\t\t\t<div class=\"e-con-inner\">\n\t\t\t\t<div class=\"elementor-element elementor-element-d5be6e3 elementor-widget elementor-widget-heading\" data-id=\"d5be6e3\" data-element_type=\"widget\" data-e-type=\"widget\" data-widget_type=\"heading.default\">\n\t\t\t\t<div class=\"elementor-widget-container\">\n\t\t\t\t\t<h2 class=\"elementor-heading-title elementor-size-default\">Les 3 mouvements<\/h2>\t\t\t\t<\/div>\n\t\t\t\t<\/div>\n\t\t\t\t<div class=\"elementor-element elementor-element-81b2c40 elementor-widget elementor-widget-heading\" data-id=\"81b2c40\" data-element_type=\"widget\" data-e-type=\"widget\" data-widget_type=\"heading.default\">\n\t\t\t\t<div class=\"elementor-widget-container\">\n\t\t\t\t\t<h4 class=\"elementor-heading-title elementor-size-default\">et leurs bienfaits<\/h4>\t\t\t\t<\/div>\n\t\t\t\t<\/div>\n\t\t\t\t\t<\/div>\n\t\t\t\t<\/div>\n\t\t<div class=\"elementor-element elementor-element-c620f48 e-flex e-con-boxed wpr-particle-no wpr-jarallax-no wpr-parallax-no wpr-sticky-section-no wpr-equal-height-no e-con e-parent\" data-id=\"c620f48\" data-element_type=\"container\" data-e-type=\"container\">\n\t\t\t\t\t<div class=\"e-con-inner\">\n\t\t\t\t\t<\/div>\n\t\t\t\t<\/div>\n\t\t<div class=\"elementor-element elementor-element-d3f6792 e-flex e-con-boxed wpr-particle-no wpr-jarallax-no wpr-parallax-no wpr-sticky-section-no wpr-equal-height-no e-con e-parent\" data-id=\"d3f6792\" data-element_type=\"container\" data-e-type=\"container\">\n\t\t\t\t\t<div class=\"e-con-inner\">\n\t\t\t\t<div class=\"elementor-element elementor-element-3cd41b0 elementor-widget elementor-widget-video\" data-id=\"3cd41b0\" data-element_type=\"widget\" data-e-type=\"widget\" data-settings=\"{&quot;youtube_url&quot;:&quot;https:\\\/\\\/www.youtube.com\\\/watch?v=iSDdXxSqNTc&quot;,&quot;video_type&quot;:&quot;youtube&quot;,&quot;controls&quot;:&quot;yes&quot;}\" data-widget_type=\"video.default\">\n\t\t\t\t<div class=\"elementor-widget-container\">\n\t\t\t\t\t\t\t<div class=\"elementor-wrapper elementor-open-inline\">\n\t\t\t<div class=\"elementor-video\"><\/div>\t\t<\/div>\n\t\t\t\t\t\t<\/div>\n\t\t\t\t<\/div>\n\t\t\t\t\t<\/div>\n\t\t\t\t<\/div>\n\t\t<div class=\"elementor-element elementor-element-fdbe131 e-flex e-con-boxed wpr-particle-no wpr-jarallax-no wpr-parallax-no wpr-sticky-section-no wpr-equal-height-no e-con e-parent\" data-id=\"fdbe131\" data-element_type=\"container\" data-e-type=\"container\">\n\t\t\t\t\t<div class=\"e-con-inner\">\n\t\t\t\t<div class=\"elementor-element elementor-element-fc6f8e3 elementor-widget elementor-widget-text-editor\" data-id=\"fc6f8e3\" data-element_type=\"widget\" data-e-type=\"widget\" data-widget_type=\"text-editor.default\">\n\t\t\t\t<div class=\"elementor-widget-container\">\n\t\t\t\t\t\t\t\t\t<p><strong>Il faut compter une dizaine d\u2019heures pour ma\u00eetriser les mouvements \u00e0 vitesse lente<\/strong> (30 fois le premier et le troisi\u00e8me, 60 fois le deuxi\u00e8me). Ensuite on acc\u00e9l\u00e8re progressivement et augmente le nombre des mouvements pour arriver \u00e0 plusieurs centaines de mouvements en vingt minutes.<\/p>\t\t\t\t\t\t\t\t<\/div>\n\t\t\t\t<\/div>\n\t\t\t\t\t<\/div>\n\t\t\t\t<\/div>\n\t\t<div class=\"elementor-element elementor-element-c0c89e1 e-flex e-con-boxed wpr-particle-no wpr-jarallax-no wpr-parallax-no wpr-sticky-section-no wpr-equal-height-no e-con e-parent\" data-id=\"c0c89e1\" data-element_type=\"container\" data-e-type=\"container\">\n\t\t\t\t\t<div class=\"e-con-inner\">\n\t\t\t\t<div class=\"elementor-element elementor-element-17f9ab3 elementor-widget elementor-widget-heading\" data-id=\"17f9ab3\" data-element_type=\"widget\" data-e-type=\"widget\" data-widget_type=\"heading.default\">\n\t\t\t\t<div class=\"elementor-widget-container\">\n\t\t\t\t\t<h3 class=\"elementor-heading-title elementor-size-default\">Une r\u00e9p\u00e9tition quotidienne b\u00e9n\u00e9fique<\/h3>\t\t\t\t<\/div>\n\t\t\t\t<\/div>\n\t\t\t\t<div class=\"elementor-element elementor-element-369060b elementor-widget elementor-widget-text-editor\" data-id=\"369060b\" data-element_type=\"widget\" data-e-type=\"widget\" data-widget_type=\"text-editor.default\">\n\t\t\t\t<div class=\"elementor-widget-container\">\n\t\t\t\t\t\t\t\t\t<p>La Technique Nadeau est une m\u00e9thode canadienne de r\u00e9g\u00e9n\u00e9ration holistique, bas\u00e9e sur trois exercices fluides et r\u00e9p\u00e9t\u00e9s de cinq \u00e0 vingt minutes au quotidien ; un support audio \u00ab Aide-Cadence \u00bb nous accompagne agr\u00e9ablement dans notre pratique, avec des rythmes \u00e9voluant sur six \u00e9tapes.<\/p>\t\t\t\t\t\t\t\t<\/div>\n\t\t\t\t<\/div>\n\t\t<div class=\"elementor-element elementor-element-65efda1 e-flex e-con-boxed wpr-particle-no wpr-jarallax-no wpr-parallax-no wpr-sticky-section-no wpr-equal-height-no e-con e-child\" data-id=\"65efda1\" data-element_type=\"container\" data-e-type=\"container\">\n\t\t\t\t\t<div class=\"e-con-inner\">\n\t\t\t\t<div class=\"elementor-element elementor-element-776535b elementor-widget elementor-widget-counter\" data-id=\"776535b\" data-element_type=\"widget\" data-e-type=\"widget\" data-widget_type=\"counter.default\">\n\t\t\t\t<div class=\"elementor-widget-container\">\n\t\t\t\t\t\t\t<div class=\"elementor-counter\">\n\t\t\t<div class=\"elementor-counter-title\">heures d'apprentissage<\/div>\t\t\t<div class=\"elementor-counter-number-wrapper\">\n\t\t\t\t<span class=\"elementor-counter-number-prefix\"><\/span>\n\t\t\t\t<span class=\"elementor-counter-number\" data-duration=\"2000\" data-to-value=\"10\" data-from-value=\"0\" data-delimiter=\",\">0<\/span>\n\t\t\t\t<span class=\"elementor-counter-number-suffix\"><\/span>\n\t\t\t<\/div>\n\t\t<\/div>\n\t\t\t\t\t\t<\/div>\n\t\t\t\t<\/div>\n\t\t\t\t<div class=\"elementor-element elementor-element-41ada02 elementor-widget elementor-widget-counter\" data-id=\"41ada02\" data-element_type=\"widget\" data-e-type=\"widget\" data-widget_type=\"counter.default\">\n\t\t\t\t<div class=\"elementor-widget-container\">\n\t\t\t\t\t\t\t<div class=\"elementor-counter\">\n\t\t\t<div class=\"elementor-counter-title\">minutes de pratique par jour<\/div>\t\t\t<div class=\"elementor-counter-number-wrapper\">\n\t\t\t\t<span class=\"elementor-counter-number-prefix\"><\/span>\n\t\t\t\t<span class=\"elementor-counter-number\" data-duration=\"2000\" data-to-value=\"20\" data-from-value=\"0\" data-delimiter=\",\">0<\/span>\n\t\t\t\t<span class=\"elementor-counter-number-suffix\"><\/span>\n\t\t\t<\/div>\n\t\t<\/div>\n\t\t\t\t\t\t<\/div>\n\t\t\t\t<\/div>\n\t\t\t\t<div class=\"elementor-element elementor-element-984b57a elementor-widget elementor-widget-counter\" data-id=\"984b57a\" data-element_type=\"widget\" data-e-type=\"widget\" data-widget_type=\"counter.default\">\n\t\t\t\t<div class=\"elementor-widget-container\">\n\t\t\t\t\t\t\t<div class=\"elementor-counter\">\n\t\t\t<div class=\"elementor-counter-title\">de bienfaits au quotidien<\/div>\t\t\t<div class=\"elementor-counter-number-wrapper\">\n\t\t\t\t<span class=\"elementor-counter-number-prefix\"><\/span>\n\t\t\t\t<span class=\"elementor-counter-number\" data-duration=\"2000\" data-to-value=\"100\" data-from-value=\"0\" data-delimiter=\",\">0<\/span>\n\t\t\t\t<span class=\"elementor-counter-number-suffix\">%<\/span>\n\t\t\t<\/div>\n\t\t<\/div>\n\t\t\t\t\t\t<\/div>\n\t\t\t\t<\/div>\n\t\t\t\t\t<\/div>\n\t\t\t\t<\/div>\n\t\t\t\t<div class=\"elementor-element elementor-element-b0896c9 elementor-widget elementor-widget-heading\" data-id=\"b0896c9\" data-element_type=\"widget\" data-e-type=\"widget\" data-widget_type=\"heading.default\">\n\t\t\t\t<div class=\"elementor-widget-container\">\n\t\t\t\t\t<h3 class=\"elementor-heading-title elementor-size-default\">Les trois exercices<\/h3>\t\t\t\t<\/div>\n\t\t\t\t<\/div>\n\t\t\t\t<div class=\"elementor-element elementor-element-ed49ccf elementor-widget elementor-widget-text-editor\" data-id=\"ed49ccf\" data-element_type=\"widget\" data-e-type=\"widget\" data-widget_type=\"text-editor.default\">\n\t\t\t\t<div class=\"elementor-widget-container\">\n\t\t\t\t\t\t\t\t\t<p>Ce qui rend cette technique si diff\u00e9rente, c&rsquo;est qu&rsquo;elle met l&rsquo;accent sur la mobilisation du tronc. Il s&rsquo;agit d&rsquo; <strong>exercices doux et r\u00e9p\u00e9titifs<\/strong> qui non seulement font travailler la totalit\u00e9 des muscles et des articulations, mais effectuent principalement un <strong>massage des organes vitaux du thorax et de l&rsquo;abdomen<\/strong>. Elle est bas\u00e9e sur <strong>trois exercices seulement<\/strong>, qui une fois appris, servent pour la vie.<\/p><p>En quoi cette technique se d\u00e9marque &#8211; t &#8211; elle des autres modes d&rsquo;exercices ?<\/p><p>La mobilisation graduelle et intensive du tronc, fait de la Technique Nadeau un programme plus complet que les m\u00e9thodes ax\u00e9es sur le travail des bras et des jambes. Gr\u00e2ce \u00e0 cette approche, tous les syst\u00e8mes et organes du corps sont directement stimul\u00e9s et retrouvent un niveau de fonctionnement optimal. Chaque exercice propose \u00e9galement un <b>yoga des yeux<\/b> excellent pour la vue.\u00a0<\/p><p>De plus\u00a0 la Technique Nadeau a des effets b\u00e9n\u00e9fiques sur les syst\u00e8mes nerveux &#8211; en particulier sur le syst\u00e8me nerveux autonome &#8211; et sur le fonctionnement des\u00a0 glandes endocrines. Nos centres d&rsquo;\u00e9nergie (chakras) sont \u00e9veill\u00e9s en douceur.<\/p><p>Enfin, le caract\u00e8re\u00a0<strong>holistique<\/strong> de la m\u00e9thode se trouve notablement renforc\u00e9, avec une pratique quotidienne, par la\u00a0<strong><em>formulation d&rsquo;intentions positives<\/em><\/strong> en relation avec les trois mouvements et nos trois natures correspondantes : mat\u00e9rielle, spirituelle et intellectuelle (corps, coeur, esprit) qu&rsquo;elle va \u00e9quilibrer.<\/p><p>Ainsi\u00a0<strong>la Technique Nadeau est un merveilleux outil pour optimiser notre sant\u00e9 physique et psychique au quotidien.<\/strong><\/p>\t\t\t\t\t\t\t\t<\/div>\n\t\t\t\t<\/div>\n\t\t\t\t<div class=\"elementor-element elementor-element-64360a3 elementor-position-left elementor-vertical-align-middle elementor-widget elementor-widget-image-box\" data-id=\"64360a3\" data-element_type=\"widget\" data-e-type=\"widget\" data-widget_type=\"image-box.default\">\n\t\t\t\t<div class=\"elementor-widget-container\">\n\t\t\t\t\t<div class=\"elementor-image-box-wrapper\"><figure class=\"elementor-image-box-img\"><img decoding=\"async\" width=\"55\" height=\"120\" src=\"https:\/\/www.technique-nadeau.fr\/wp-content\/uploads\/2024\/12\/mouv1-small.gif\" class=\"attachment-full size-full wp-image-848\" alt=\"La rotation du bassin\" \/><\/figure><div class=\"elementor-image-box-content\"><h4 class=\"elementor-image-box-title\">Les bienfaits de la \"rotation du bassin\"<\/h4><p class=\"elementor-image-box-description\">- Stimule l'oxyg\u00e9nation du cerveau.<br>\n- Fait circuler l'\u00e9nergie du bassin jusqu'\u00e0 son p\u00f4le oppos\u00e9.<br>\n- Masse les organes abdominaux. Favorise la respiration abdominale.<br>\n- Favorise la mobilit\u00e9 de la colonne vert\u00e9brale.<br>\n- Am\u00e9liore la silhouette.<br>\n- Masse le plexus solaire et permet d'att\u00e9nuer les tensions.<br>\n- Favorise la circulation sanguine.<br>\n- D\u00e9veloppe l'ancrage, le courage d'agir et la confiance.<\/p><\/div><\/div>\t\t\t\t<\/div>\n\t\t\t\t<\/div>\n\t\t\t\t<div class=\"elementor-element elementor-element-a7b47a9 elementor-position-left elementor-vertical-align-middle elementor-widget elementor-widget-image-box\" data-id=\"a7b47a9\" data-element_type=\"widget\" data-e-type=\"widget\" data-widget_type=\"image-box.default\">\n\t\t\t\t<div class=\"elementor-widget-container\">\n\t\t\t\t\t<div class=\"elementor-image-box-wrapper\"><figure class=\"elementor-image-box-img\"><img decoding=\"async\" width=\"55\" height=\"120\" src=\"https:\/\/www.technique-nadeau.fr\/wp-content\/uploads\/2024\/12\/mouv2-small.gif\" class=\"attachment-full size-full wp-image-847\" alt=\"La vague compl\u00e8te\" \/><\/figure><div class=\"elementor-image-box-content\"><h4 class=\"elementor-image-box-title\">Les bienfaits de la \"vague compl\u00e8te\"<\/h4><p class=\"elementor-image-box-description\">- Masse les organes vitaux de l'abdomen.<br>\n- Aide \u00e0 la digestion, favorise une meilleure assimilation et une meilleure \u00e9limination.<br>\n- Agit sur les 24 vert\u00e8bres de la colonne vert\u00e9brale et leur redonne souplesse et mobilit\u00e9.<br>\n- Assouplit les muscles et les ligaments.<br>- Favorise la respiration m\u00e9diane.<br>\n- Augmente la capacit\u00e9 respiratoire et l'\u00e9lasticit\u00e9 des poumons.<br>\n- D\u00e9bloque le centre de l'\u00e9nergie vitale.<br>- D\u00e9veloppe l'ouverture et l'\u00e9nergie de compassion.<\/p><\/div><\/div>\t\t\t\t<\/div>\n\t\t\t\t<\/div>\n\t\t\t\t<div class=\"elementor-element elementor-element-2c3f3fd elementor-position-left elementor-vertical-align-middle elementor-widget elementor-widget-image-box\" data-id=\"2c3f3fd\" data-element_type=\"widget\" data-e-type=\"widget\" data-widget_type=\"image-box.default\">\n\t\t\t\t<div class=\"elementor-widget-container\">\n\t\t\t\t\t<div class=\"elementor-image-box-wrapper\"><figure class=\"elementor-image-box-img\"><img decoding=\"async\" width=\"78\" height=\"120\" src=\"https:\/\/www.technique-nadeau.fr\/wp-content\/uploads\/2024\/12\/mouv3-small.gif\" class=\"attachment-full size-full wp-image-846\" alt=\"La natation\" \/><\/figure><div class=\"elementor-image-box-content\"><h4 class=\"elementor-image-box-title\">Les bienfaits de la \"natation\"<\/h4><p class=\"elementor-image-box-description\">- Fortifie les muscles des bras, des jambes et du dos.<br>- Tonifie les poignets, les mains, les doigts.\n- Augmente la souplesse des articulations et de la colonne vert\u00e9brale,<br>  dont la mobilisation en l\u00e9g\u00e8re torsion \u00e9vite la formation de d\u00e9p\u00f4ts calcaires.\n- Permet un essorage des organes abdominaux.<br>- Favorise la respiration haute, sous-claviculaire.<br>- Sur le plan holistique, on avance dans la clart\u00e9 mentale.<\/p><\/div><\/div>\t\t\t\t<\/div>\n\t\t\t\t<\/div>\n\t\t\t\t<div class=\"elementor-element elementor-element-871ab61 elementor-widget elementor-widget-text-editor\" data-id=\"871ab61\" data-element_type=\"widget\" data-e-type=\"widget\" data-widget_type=\"text-editor.default\">\n\t\t\t\t<div class=\"elementor-widget-container\">\n\t\t\t\t\t\t\t\t\t<p><strong>Les avantages :<\/strong>\u00a0<\/p><ul><li>N&rsquo;exige aucun d\u00e9placement, se pratique chez soi en toute saison avec un support audio pour accompagner votre progression.<\/li><li>Fait travailler le corps \u00a0ENTIER de la t\u00eate aux pieds. C&rsquo;est un exercice complet en lui m\u00eame.<\/li><li>Convient aux gens de tous \u00e2ges et ne comporte aucune contre-indication majeure.<\/li><li>Forge la volont\u00e9, et diminue le stress et l&rsquo;angoisse.<\/li><li>S&rsquo;ajuste \u00e0 votre condition physique.Se pratique aussi bien par les gens en moins bonne sant\u00e9 que par les biens portants.<\/li><li>Peut se pratiquer assis par les personnes \u00e0 mobilit\u00e9 r\u00e9duite.<\/li><\/ul>\t\t\t\t\t\t\t\t<\/div>\n\t\t\t\t<\/div>\n\t\t\t\t<div class=\"elementor-element elementor-element-e1c43e1 elementor-widget elementor-widget-text-editor\" data-id=\"e1c43e1\" data-element_type=\"widget\" data-e-type=\"widget\" data-widget_type=\"text-editor.default\">\n\t\t\t\t<div class=\"elementor-widget-container\">\n\t\t\t\t\t\t\t\t\t<p><strong>Les r\u00e9sultats :<\/strong>\u00a0<\/p><ul><li>Votre esprit sera plus vif, plus \u00e9veill\u00e9.<\/li><li>Votre fatigue diminuera.<\/li><li>Votre syst\u00e8me cardio-vasculaire sera stimul\u00e9.<\/li><li>Votre qualit\u00e9 de vie sera am\u00e9lior\u00e9e.<\/li><li>Vous jouirez d&rsquo;une jeunesse, d&rsquo;une vitalit\u00e9 renouvel\u00e9e.<\/li><li>Vous \u00e9loignerez la s\u00e9nilit\u00e9 et la maladie.<\/li><\/ul>\t\t\t\t\t\t\t\t<\/div>\n\t\t\t\t<\/div>\n\t\t\t\t\t<\/div>\n\t\t\t\t<\/div>\n\t\t\t\t<\/div>\n\t\t","protected":false},"excerpt":{"rendered":"<p>Les 3 mouvements et leurs bienfaits https:\/\/www.youtube.com\/watch?v=iSDdXxSqNTc Il faut compter une dizaine d\u2019heures pour ma\u00eetriser les mouvements \u00e0 vitesse lente (30 fois le premier et le troisi\u00e8me, 60 fois le deuxi\u00e8me). Ensuite on acc\u00e9l\u00e8re progressivement et augmente le nombre des mouvements pour arriver \u00e0 plusieurs centaines de mouvements en vingt minutes. Une r\u00e9p\u00e9tition quotidienne b\u00e9n\u00e9fique La Technique Nadeau est une m\u00e9thode canadienne de r\u00e9g\u00e9n\u00e9ration holistique, bas\u00e9e sur trois exercices fluides et r\u00e9p\u00e9t\u00e9s de cinq \u00e0 vingt minutes au quotidien ; un support audio \u00ab Aide-Cadence \u00bb nous accompagne agr\u00e9ablement dans notre pratique, avec des rythmes \u00e9voluant sur six \u00e9tapes. heures d&rsquo;apprentissage 0 minutes de pratique par jour 0 de bienfaits au quotidien 0 % Les trois exercices Ce qui rend cette technique si diff\u00e9rente, c&rsquo;est qu&rsquo;elle met l&rsquo;accent sur la mobilisation du tronc. Il s&rsquo;agit d&rsquo; exercices doux et r\u00e9p\u00e9titifs qui non seulement font travailler la totalit\u00e9 des muscles et des articulations, mais effectuent principalement un massage des organes vitaux du thorax et de l&rsquo;abdomen. Elle est bas\u00e9e sur trois exercices seulement, qui une fois appris, servent pour la vie. En quoi cette technique se d\u00e9marque &#8211; t &#8211; elle des autres modes d&rsquo;exercices ? La mobilisation graduelle et intensive du tronc, fait de la Technique Nadeau un programme plus complet que les m\u00e9thodes ax\u00e9es sur le travail des bras et des jambes. Gr\u00e2ce \u00e0 cette approche, tous les syst\u00e8mes et organes du corps sont directement stimul\u00e9s et retrouvent un niveau de fonctionnement optimal. Chaque exercice propose \u00e9galement un yoga des yeux excellent pour la vue.\u00a0 De plus\u00a0 la Technique Nadeau a des effets b\u00e9n\u00e9fiques sur les syst\u00e8mes nerveux &#8211; en particulier sur le syst\u00e8me nerveux autonome &#8211; et sur le fonctionnement des\u00a0 glandes endocrines. Nos centres d&rsquo;\u00e9nergie (chakras) sont \u00e9veill\u00e9s en douceur. Enfin, le caract\u00e8re\u00a0holistique de la m\u00e9thode se trouve notablement renforc\u00e9, avec une pratique quotidienne, par la\u00a0formulation d&rsquo;intentions positives en relation avec les trois mouvements et nos trois natures correspondantes : mat\u00e9rielle, spirituelle et intellectuelle (corps, coeur, esprit) qu&rsquo;elle va \u00e9quilibrer. Ainsi\u00a0la Technique Nadeau est un merveilleux outil pour optimiser notre sant\u00e9 physique et psychique au quotidien. Les bienfaits de la \u00ab\u00a0rotation du bassin\u00a0\u00bb &#8211; Stimule l&rsquo;oxyg\u00e9nation du cerveau. &#8211; Fait circuler l&rsquo;\u00e9nergie du bassin jusqu&rsquo;\u00e0 son p\u00f4le oppos\u00e9. &#8211; Masse les organes abdominaux. Favorise la respiration abdominale. &#8211; Favorise la mobilit\u00e9 de la colonne vert\u00e9brale. &#8211; Am\u00e9liore la silhouette. &#8211; Masse le plexus solaire et permet d&rsquo;att\u00e9nuer les tensions. &#8211; Favorise la circulation sanguine. &#8211; D\u00e9veloppe l&rsquo;ancrage, le courage d&rsquo;agir et la confiance. Les bienfaits de la \u00ab\u00a0vague compl\u00e8te\u00a0\u00bb &#8211; Masse les organes vitaux de l&rsquo;abdomen. &#8211; Aide \u00e0 la digestion, favorise une meilleure assimilation et une meilleure \u00e9limination. &#8211; Agit sur les 24 vert\u00e8bres de la colonne vert\u00e9brale et leur redonne souplesse et mobilit\u00e9. &#8211; Assouplit les muscles et les ligaments.&#8211; Favorise la respiration m\u00e9diane. &#8211; Augmente la capacit\u00e9 respiratoire et l&rsquo;\u00e9lasticit\u00e9 des poumons. &#8211; D\u00e9bloque le centre de l&rsquo;\u00e9nergie vitale.&#8211; D\u00e9veloppe l&rsquo;ouverture et l&rsquo;\u00e9nergie de compassion. Les bienfaits de la \u00ab\u00a0natation\u00a0\u00bb &#8211; Fortifie les muscles des bras, des jambes et du dos.&#8211; Tonifie les poignets, les mains, les doigts. &#8211; Augmente la souplesse des articulations et de la colonne vert\u00e9brale, dont la mobilisation en l\u00e9g\u00e8re torsion \u00e9vite la formation de d\u00e9p\u00f4ts calcaires. &#8211; Permet un essorage des organes abdominaux.&#8211; Favorise la respiration haute, sous-claviculaire.&#8211; Sur le plan holistique, on avance dans la clart\u00e9 mentale. Les avantages :\u00a0 N&rsquo;exige aucun d\u00e9placement, se pratique chez soi en toute saison avec un support audio pour accompagner votre progression. Fait travailler le corps \u00a0ENTIER de la t\u00eate aux pieds. C&rsquo;est un exercice complet en lui m\u00eame. Convient aux gens de tous \u00e2ges et ne comporte aucune contre-indication majeure. Forge la volont\u00e9, et diminue le stress et l&rsquo;angoisse. S&rsquo;ajuste \u00e0 votre condition physique.Se pratique aussi bien par les gens en moins bonne sant\u00e9 que par les biens portants. Peut se pratiquer assis par les personnes \u00e0 mobilit\u00e9 r\u00e9duite. Les r\u00e9sultats :\u00a0 Votre esprit sera plus vif, plus \u00e9veill\u00e9. Votre fatigue diminuera. Votre syst\u00e8me cardio-vasculaire sera stimul\u00e9. Votre qualit\u00e9 de vie sera am\u00e9lior\u00e9e. Vous jouirez d&rsquo;une jeunesse, d&rsquo;une vitalit\u00e9 renouvel\u00e9e. Vous \u00e9loignerez la s\u00e9nilit\u00e9 et la maladie.<\/p>\n","protected":false},"author":1,"featured_media":0,"parent":0,"menu_order":0,"comment_status":"closed","ping_status":"closed","template":"","meta":{"site-sidebar-layout":"no-sidebar","site-content-layout":"page-builder","ast-site-content-layout":"full-width-container","site-content-style":"default","site-sidebar-style":"default","ast-global-header-display":"","ast-banner-title-visibility":"","ast-main-header-display":"","ast-hfb-above-header-display":"","ast-hfb-below-header-display":"","ast-hfb-mobile-header-display":"","site-post-title":"disabled","ast-breadcrumbs-content":"","ast-featured-img":"disabled","footer-sml-layout":"","theme-transparent-header-meta":"","adv-header-id-meta":"","stick-header-meta":"","header-above-stick-meta":"","header-main-stick-meta":"","header-below-stick-meta":"","astra-migrate-meta-layouts":"set","ast-page-background-enabled":"default","ast-page-background-meta":{"desktop":{"background-color":"var(--ast-global-color-4)","background-image":"","background-repeat":"repeat","background-position":"center center","background-size":"auto","background-attachment":"scroll","background-type":"","background-media":"","overlay-type":"","overlay-color":"","overlay-gradient":""},"tablet":{"background-color":"","background-image":"","background-repeat":"repeat","background-position":"center center","background-size":"auto","background-attachment":"scroll","background-type":"","background-media":"","overlay-type":"","overlay-color":"","overlay-gradient":""},"mobile":{"background-color":"","background-image":"","background-repeat":"repeat","background-position":"center center","background-size":"auto","background-attachment":"scroll","background-type":"","background-media":"","overlay-type":"","overlay-color":"","overlay-gradient":""}},"ast-content-background-meta":{"desktop":{"background-color":"var(--ast-global-color-5)","background-image":"","background-repeat":"repeat","background-position":"center center","background-size":"auto","background-attachment":"scroll","background-type":"","background-media":"","overlay-type":"","overlay-color":"","overlay-gradient":""},"tablet":{"background-color":"var(--ast-global-color-5)","background-image":"","background-repeat":"repeat","background-position":"center center","background-size":"auto","background-attachment":"scroll","background-type":"","background-media":"","overlay-type":"","overlay-color":"","overlay-gradient":""},"mobile":{"background-color":"var(--ast-global-color-5)","background-image":"","background-repeat":"repeat","background-position":"center center","background-size":"auto","background-attachment":"scroll","background-type":"","background-media":"","overlay-type":"","overlay-color":"","overlay-gradient":""}},"footnotes":""},"class_list":["post-485","page","type-page","status-publish","hentry"],"_links":{"self":[{"href":"https:\/\/www.technique-nadeau.fr\/index.php\/wp-json\/wp\/v2\/pages\/485","targetHints":{"allow":["GET"]}}],"collection":[{"href":"https:\/\/www.technique-nadeau.fr\/index.php\/wp-json\/wp\/v2\/pages"}],"about":[{"href":"https:\/\/www.technique-nadeau.fr\/index.php\/wp-json\/wp\/v2\/types\/page"}],"author":[{"embeddable":true,"href":"https:\/\/www.technique-nadeau.fr\/index.php\/wp-json\/wp\/v2\/users\/1"}],"replies":[{"embeddable":true,"href":"https:\/\/www.technique-nadeau.fr\/index.php\/wp-json\/wp\/v2\/comments?post=485"}],"version-history":[{"count":115,"href":"https:\/\/www.technique-nadeau.fr\/index.php\/wp-json\/wp\/v2\/pages\/485\/revisions"}],"predecessor-version":[{"id":1473,"href":"https:\/\/www.technique-nadeau.fr\/index.php\/wp-json\/wp\/v2\/pages\/485\/revisions\/1473"}],"wp:attachment":[{"href":"https:\/\/www.technique-nadeau.fr\/index.php\/wp-json\/wp\/v2\/media?parent=485"}],"curies":[{"name":"wp","href":"https:\/\/api.w.org\/{rel}","templated":true}]}}