{"id":403,"date":"2024-11-27T14:08:14","date_gmt":"2024-11-27T13:08:14","guid":{"rendered":"https:\/\/assoprofnadeau.com\/?page_id=403"},"modified":"2024-12-17T15:40:12","modified_gmt":"2024-12-17T14:40:12","slug":"actualites","status":"publish","type":"page","link":"https:\/\/www.technique-nadeau.fr\/index.php\/actualites\/","title":{"rendered":"Actualit\u00e9s"},"content":{"rendered":"\t\t<div data-elementor-type=\"wp-page\" data-elementor-id=\"403\" class=\"elementor elementor-403\">\n\t\t\t\t<div class=\"elementor-element elementor-element-13bf603 e-flex e-con-boxed wpr-particle-no wpr-jarallax-no wpr-parallax-no wpr-sticky-section-no wpr-equal-height-no e-con e-parent\" data-id=\"13bf603\" data-element_type=\"container\" data-e-type=\"container\" data-settings=\"{&quot;background_background&quot;:&quot;classic&quot;}\">\n\t\t\t\t\t<div class=\"e-con-inner\">\n\t\t\t\t<div class=\"elementor-element elementor-element-44480b7 elementor-widget elementor-widget-heading\" data-id=\"44480b7\" data-element_type=\"widget\" data-e-type=\"widget\" data-widget_type=\"heading.default\">\n\t\t\t\t<div class=\"elementor-widget-container\">\n\t\t\t\t\t<h2 class=\"elementor-heading-title elementor-size-default\">Les actualit\u00e9s<\/h2>\t\t\t\t<\/div>\n\t\t\t\t<\/div>\n\t\t\t\t<div class=\"elementor-element elementor-element-29a249a elementor-widget elementor-widget-heading\" data-id=\"29a249a\" data-element_type=\"widget\" data-e-type=\"widget\" data-widget_type=\"heading.default\">\n\t\t\t\t<div class=\"elementor-widget-container\">\n\t\t\t\t\t<h4 class=\"elementor-heading-title elementor-size-default\">de l'AFPTN<\/h4>\t\t\t\t<\/div>\n\t\t\t\t<\/div>\n\t\t\t\t\t<\/div>\n\t\t\t\t<\/div>\n\t\t<div class=\"elementor-element elementor-element-b5bafde e-flex e-con-boxed wpr-particle-no wpr-jarallax-no wpr-parallax-no wpr-sticky-section-no wpr-equal-height-no e-con e-parent\" data-id=\"b5bafde\" data-element_type=\"container\" data-e-type=\"container\">\n\t\t\t\t\t<div class=\"e-con-inner\">\n\t\t\t\t<div class=\"elementor-element elementor-element-516f850 wpr-grid-columns-3 wpr-grid-columns--tablet2 wpr-grid-columns--mobile1 wpr-grid-pagination-center wpr-item-styles-inner elementor-widget elementor-widget-wpr-grid\" data-id=\"516f850\" data-element_type=\"widget\" data-e-type=\"widget\" data-widget_type=\"wpr-grid.default\">\n\t\t\t\t<div class=\"elementor-widget-container\">\n\t\t\t\t\t<ul class=\"wpr-grid-filters elementor-clearfix wpr-grid-filters-sep-right\"><li class=\" wpr-pointer-none wpr-pointer-line-fx wpr-pointer-fx-none\"><span  data-filter=\"*\" class=\"wpr-grid-filters-item wpr-active-filter \">All Posts<\/span><em class=\"wpr-grid-filters-sep\"><\/em><\/li><li class=\" wpr-pointer-none wpr-pointer-line-fx wpr-pointer-fx-none\"><span   data-ajax-filter=[\"category\",\"non-classe\"]  data-filter=\".category-non-classe\">Non class\u00e9<\/span><em class=\"wpr-grid-filters-sep\"><\/em><\/li><\/ul><section class=\"wpr-grid elementor-clearfix\" data-settings=\"{&quot;layout&quot;:&quot;list&quot;,&quot;stick_last_element_to_bottom&quot;:&quot;no&quot;,&quot;columns_desktop&quot;:3,&quot;gutter_hr&quot;:15,&quot;gutter_hr_mobile&quot;:15,&quot;gutter_hr_mobile_extra&quot;:15,&quot;gutter_hr_tablet&quot;:15,&quot;gutter_hr_tablet_extra&quot;:15,&quot;gutter_hr_laptop&quot;:15,&quot;gutter_hr_widescreen&quot;:15,&quot;gutter_vr&quot;:15,&quot;gutter_vr_mobile&quot;:15,&quot;gutter_vr_mobile_extra&quot;:15,&quot;gutter_vr_tablet&quot;:15,&quot;gutter_vr_tablet_extra&quot;:15,&quot;gutter_vr_laptop&quot;:15,&quot;gutter_vr_widescreen&quot;:15,&quot;animation&quot;:&quot;zoom&quot;,&quot;animation_duration&quot;:0.3,&quot;animation_delay&quot;:0.1,&quot;deeplinking&quot;:&quot;&quot;,&quot;filters_linkable&quot;:&quot;no&quot;,&quot;filters_default_filter&quot;:&quot;&quot;,&quot;filters_count&quot;:&quot;&quot;,&quot;filters_hide_empty&quot;:&quot;no&quot;,&quot;filters_animation&quot;:&quot;default&quot;,&quot;filters_animation_duration&quot;:0.3,&quot;filters_animation_delay&quot;:0.1,&quot;pagination_type&quot;:&quot;load-more&quot;,&quot;pagination_max_pages&quot;:2,&quot;media_align&quot;:&quot;left&quot;,&quot;media_width&quot;:30,&quot;media_distance&quot;:20,&quot;lightbox&quot;:{&quot;selector&quot;:&quot;.wpr-grid-image-wrap&quot;,&quot;iframeMaxWidth&quot;:&quot;60%&quot;,&quot;hash&quot;:false,&quot;autoplay&quot;:&quot;true&quot;,&quot;pause&quot;:5000,&quot;progressBar&quot;:&quot;true&quot;,&quot;counter&quot;:&quot;true&quot;,&quot;controls&quot;:&quot;true&quot;,&quot;getCaptionFromTitleOrAlt&quot;:&quot;true&quot;,&quot;thumbnail&quot;:&quot;&quot;,&quot;showThumbByDefault&quot;:&quot;&quot;,&quot;share&quot;:&quot;&quot;,&quot;zoom&quot;:&quot;true&quot;,&quot;fullScreen&quot;:&quot;true&quot;,&quot;download&quot;:&quot;true&quot;}}\" data-advanced-filters=\"no\"><article class=\"wpr-grid-item elementor-clearfix post-1406 post type-post status-publish format-standard hentry category-non-classe\"><div class=\"wpr-grid-item-inner\"><div class=\"wpr-grid-item-below-content elementor-clearfix\"><h2 class=\"wpr-grid-item-title elementor-repeater-item-ecab0b2 wpr-grid-item-display-block wpr-grid-item-align-left wpr-pointer-none wpr-pointer-line-fx wpr-pointer-fx-fade\"><div class=\"inner-block\"><a target=\"_self\"  href=\"https:\/\/www.technique-nadeau.fr\/index.php\/2025\/08\/14\/prochaine-assemblee-generale-de-lafptn-les-4-et-5-octobre-a-saint-honore-les-bains\/\">Prochaine Assembl\u00e9e G\u00e9n\u00e9rale de l&rsquo;AFPTN les 4 et 5 octobre \u00e0 Saint Honor\u00e9 les Bains<\/a><\/div><\/h2><div class=\"wpr-grid-item-date elementor-repeater-item-65bc472 wpr-grid-item-display-inline wpr-grid-item-align-left\"><div class=\"inner-block\"><span>14 ao\u00fbt 2025<span class=\"wpr-grid-extra-text-right\">\/<\/span><\/span><\/div><\/div><div class=\"wpr-grid-item-excerpt elementor-repeater-item-0db2281 wpr-grid-item-display-block wpr-grid-item-align-left\"><div class=\"inner-block\"><p>Les membres de l&rsquo;association sont invit\u00e9s \u00e0 venir afin de se rencontrer et partager ensemble nos pratiques, nos enseignements et...<\/p><\/div><\/div><div class=\"wpr-grid-item-read-more elementor-repeater-item-895a0e5 wpr-grid-item-display-block wpr-grid-item-align-left\"><div class=\"inner-block\"><a target=\"_self\" href=\"https:\/\/www.technique-nadeau.fr\/index.php\/2025\/08\/14\/prochaine-assemblee-generale-de-lafptn-les-4-et-5-octobre-a-saint-honore-les-bains\/\" class=\"wpr-button-effect wpr-button-none\"><span>Lire<\/span><\/a><\/div><\/div><\/div><\/div><\/article><article class=\"wpr-grid-item elementor-clearfix post-1269 post type-post status-publish format-standard hentry category-non-classe\"><div class=\"wpr-grid-item-inner\"><div class=\"wpr-grid-item-below-content elementor-clearfix\"><h2 class=\"wpr-grid-item-title elementor-repeater-item-ecab0b2 wpr-grid-item-display-block wpr-grid-item-align-left wpr-pointer-none wpr-pointer-line-fx wpr-pointer-fx-fade\"><div class=\"inner-block\"><a target=\"_self\"  href=\"https:\/\/www.technique-nadeau.fr\/index.php\/2024\/10\/24\/tn-nouvelle-organisation\/\">Nouvelle organisation de la Technique Nadeau France<\/a><\/div><\/h2><div class=\"wpr-grid-item-date elementor-repeater-item-65bc472 wpr-grid-item-display-inline wpr-grid-item-align-left\"><div class=\"inner-block\"><span>24 octobre 2024<span class=\"wpr-grid-extra-text-right\">\/<\/span><\/span><\/div><\/div><div class=\"wpr-grid-item-excerpt elementor-repeater-item-0db2281 wpr-grid-item-display-block wpr-grid-item-align-left\"><div class=\"inner-block\"><p>Apr\u00e8s 18 ans d\u2019enseignement de la Technique Nadeau, Monique FILLEAU a d\u00e9cid\u00e9 de mettre fin \u00e0 son activit\u00e9. \u00a0 \u00ab...<\/p><\/div><\/div><div class=\"wpr-grid-item-read-more elementor-repeater-item-895a0e5 wpr-grid-item-display-block wpr-grid-item-align-left\"><div class=\"inner-block\"><a target=\"_self\" href=\"https:\/\/www.technique-nadeau.fr\/index.php\/2024\/10\/24\/tn-nouvelle-organisation\/\" class=\"wpr-button-effect wpr-button-none\"><span>Lire<\/span><\/a><\/div><\/div><\/div><\/div><\/article><article class=\"wpr-grid-item elementor-clearfix post-379 post type-post status-publish format-standard hentry category-non-classe\"><div class=\"wpr-grid-item-inner\"><div class=\"wpr-grid-item-below-content elementor-clearfix\"><h2 class=\"wpr-grid-item-title elementor-repeater-item-ecab0b2 wpr-grid-item-display-block wpr-grid-item-align-left wpr-pointer-none wpr-pointer-line-fx wpr-pointer-fx-fade\"><div class=\"inner-block\"><a target=\"_self\"  href=\"https:\/\/www.technique-nadeau.fr\/index.php\/2024\/07\/22\/deces-de-colette-maher-le-29-juin-2024\/\">D\u00e9c\u00e8s de COLETTE MAHER le 29 juin 2024<\/a><\/div><\/h2><div class=\"wpr-grid-item-date elementor-repeater-item-65bc472 wpr-grid-item-display-inline wpr-grid-item-align-left\"><div class=\"inner-block\"><span>22 juillet 2024<span class=\"wpr-grid-extra-text-right\">\/<\/span><\/span><\/div><\/div><div class=\"wpr-grid-item-read-more elementor-repeater-item-895a0e5 wpr-grid-item-display-block wpr-grid-item-align-left\"><div class=\"inner-block\"><a target=\"_self\" href=\"https:\/\/www.technique-nadeau.fr\/index.php\/2024\/07\/22\/deces-de-colette-maher-le-29-juin-2024\/\" class=\"wpr-button-effect wpr-button-none\"><span>Lire<\/span><\/a><\/div><\/div><\/div><\/div><\/article><article class=\"wpr-grid-item elementor-clearfix post-374 post type-post status-publish format-standard hentry category-non-classe\"><div class=\"wpr-grid-item-inner\"><div class=\"wpr-grid-item-below-content elementor-clearfix\"><h2 class=\"wpr-grid-item-title elementor-repeater-item-ecab0b2 wpr-grid-item-display-block wpr-grid-item-align-left wpr-pointer-none wpr-pointer-line-fx wpr-pointer-fx-fade\"><div class=\"inner-block\"><a target=\"_self\"  href=\"https:\/\/www.technique-nadeau.fr\/index.php\/2024\/06\/24\/4eme-rencontre-zoom-du-7-juin-2024\/\">4\u00e8me rencontre zoom du 7 juin 2024<\/a><\/div><\/h2><div class=\"wpr-grid-item-date elementor-repeater-item-65bc472 wpr-grid-item-display-inline wpr-grid-item-align-left\"><div class=\"inner-block\"><span>24 juin 2024<span class=\"wpr-grid-extra-text-right\">\/<\/span><\/span><\/div><\/div><div class=\"wpr-grid-item-excerpt elementor-repeater-item-0db2281 wpr-grid-item-display-block wpr-grid-item-align-left\"><div class=\"inner-block\"><p>10 participants et tr\u00e8s riche en information avec la pr\u00e9sence de Ghislaine GASPER du QUEBEC.<\/p><\/div><\/div><div class=\"wpr-grid-item-read-more elementor-repeater-item-895a0e5 wpr-grid-item-display-block wpr-grid-item-align-left\"><div class=\"inner-block\"><a target=\"_self\" href=\"https:\/\/www.technique-nadeau.fr\/index.php\/2024\/06\/24\/4eme-rencontre-zoom-du-7-juin-2024\/\" class=\"wpr-button-effect wpr-button-none\"><span>Lire<\/span><\/a><\/div><\/div><\/div><\/div><\/article><article class=\"wpr-grid-item elementor-clearfix post-362 post type-post status-publish format-standard hentry category-non-classe\"><div class=\"wpr-grid-item-inner\"><div class=\"wpr-grid-item-below-content elementor-clearfix\"><h2 class=\"wpr-grid-item-title elementor-repeater-item-ecab0b2 wpr-grid-item-display-block wpr-grid-item-align-left wpr-pointer-none wpr-pointer-line-fx wpr-pointer-fx-fade\"><div class=\"inner-block\"><a target=\"_self\"  href=\"https:\/\/www.technique-nadeau.fr\/index.php\/2024\/06\/05\/lemission-enregistree-avec-humanterre-le-2-06-24-le-mouvement-cree-la-vie\/\">L&rsquo;\u00e9mission enregistr\u00e9e avec Human&amp;terre le 2\/06\/24 \u00ab\u00a0Le mouvement c&rsquo;est la vie\u00a0\u00bb<\/a><\/div><\/h2><div class=\"wpr-grid-item-date elementor-repeater-item-65bc472 wpr-grid-item-display-inline wpr-grid-item-align-left\"><div class=\"inner-block\"><span>5 juin 2024<span class=\"wpr-grid-extra-text-right\">\/<\/span><\/span><\/div><\/div><div class=\"wpr-grid-item-excerpt elementor-repeater-item-0db2281 wpr-grid-item-display-block wpr-grid-item-align-left\"><div class=\"inner-block\"><p>Jean-michel PIERRE et V\u00e9ronique CHEVALLIER ont parl\u00e9 de la Technique Nadeau. Nous \u00e9tions 4 intervenants, chacun pr\u00e9sentant sa pratique :...<\/p><\/div><\/div><div class=\"wpr-grid-item-read-more elementor-repeater-item-895a0e5 wpr-grid-item-display-block wpr-grid-item-align-left\"><div class=\"inner-block\"><a target=\"_self\" href=\"https:\/\/www.technique-nadeau.fr\/index.php\/2024\/06\/05\/lemission-enregistree-avec-humanterre-le-2-06-24-le-mouvement-cree-la-vie\/\" class=\"wpr-button-effect wpr-button-none\"><span>Lire<\/span><\/a><\/div><\/div><\/div><\/div><\/article><article class=\"wpr-grid-item elementor-clearfix post-356 post type-post status-publish format-standard hentry category-non-classe\"><div class=\"wpr-grid-item-inner\"><div class=\"wpr-grid-item-below-content elementor-clearfix\"><h2 class=\"wpr-grid-item-title elementor-repeater-item-ecab0b2 wpr-grid-item-display-block wpr-grid-item-align-left wpr-pointer-none wpr-pointer-line-fx wpr-pointer-fx-fade\"><div class=\"inner-block\"><a target=\"_self\"  href=\"https:\/\/www.technique-nadeau.fr\/index.php\/2024\/04\/21\/3eme-rencontre-zoom-du-5-avril-2024\/\">3\u00e8me rencontre zoom du 5 avril 2024<\/a><\/div><\/h2><div class=\"wpr-grid-item-date elementor-repeater-item-65bc472 wpr-grid-item-display-inline wpr-grid-item-align-left\"><div class=\"inner-block\"><span>21 avril 2024<span class=\"wpr-grid-extra-text-right\">\/<\/span><\/span><\/div><\/div><div class=\"wpr-grid-item-excerpt elementor-repeater-item-0db2281 wpr-grid-item-display-block wpr-grid-item-align-left\"><div class=\"inner-block\"><p>Th\u00e8me la communication sur internet avec le site pourbienvieillir.fr de la Carsat, les r\u00e9seaux sociaux&#8230;..<\/p><\/div><\/div><div class=\"wpr-grid-item-read-more elementor-repeater-item-895a0e5 wpr-grid-item-display-block wpr-grid-item-align-left\"><div class=\"inner-block\"><a target=\"_self\" href=\"https:\/\/www.technique-nadeau.fr\/index.php\/2024\/04\/21\/3eme-rencontre-zoom-du-5-avril-2024\/\" class=\"wpr-button-effect wpr-button-none\"><span>Lire<\/span><\/a><\/div><\/div><\/div><\/div><\/article><article class=\"wpr-grid-item elementor-clearfix post-354 post type-post status-publish format-standard hentry category-non-classe\"><div class=\"wpr-grid-item-inner\"><div class=\"wpr-grid-item-below-content elementor-clearfix\"><h2 class=\"wpr-grid-item-title elementor-repeater-item-ecab0b2 wpr-grid-item-display-block wpr-grid-item-align-left wpr-pointer-none wpr-pointer-line-fx wpr-pointer-fx-fade\"><div class=\"inner-block\"><a target=\"_self\"  href=\"https:\/\/www.technique-nadeau.fr\/index.php\/2024\/04\/21\/la-communication-de-lafptn\/\">La communication de l&rsquo;AFPTN<\/a><\/div><\/h2><div class=\"wpr-grid-item-date elementor-repeater-item-65bc472 wpr-grid-item-display-inline wpr-grid-item-align-left\"><div class=\"inner-block\"><span>21 avril 2024<span class=\"wpr-grid-extra-text-right\">\/<\/span><\/span><\/div><\/div><div class=\"wpr-grid-item-excerpt elementor-repeater-item-0db2281 wpr-grid-item-display-block wpr-grid-item-align-left\"><div class=\"inner-block\"><p>2\u00e8me rencontre zoom du 7 f\u00e9vrier 2024<\/p><\/div><\/div><div class=\"wpr-grid-item-read-more elementor-repeater-item-895a0e5 wpr-grid-item-display-block wpr-grid-item-align-left\"><div class=\"inner-block\"><a target=\"_self\" href=\"https:\/\/www.technique-nadeau.fr\/index.php\/2024\/04\/21\/la-communication-de-lafptn\/\" class=\"wpr-button-effect wpr-button-none\"><span>Lire<\/span><\/a><\/div><\/div><\/div><\/div><\/article><article class=\"wpr-grid-item elementor-clearfix post-268 post type-post status-publish format-standard has-post-thumbnail hentry category-non-classe\"><div class=\"wpr-grid-item-inner\"><div class=\"wpr-grid-media-wrap wpr-grayscale-in wpr-effect-size-medium \" data-overlay-link=\"yes\"><div class=\"wpr-grid-image-wrap\" data-src=\"https:\/\/www.technique-nadeau.fr\/wp-content\/uploads\/elementor\/thumbs\/ZOOMFC-qhagyevr5y95uawvwotas4jac3z94sh3zglri21cc8.png\" data-img-on-hover=\"\"  data-src-secondary=\"\"><img decoding=\"async\" data-no-lazy=\"1\" src=\"https:\/\/www.technique-nadeau.fr\/wp-content\/uploads\/elementor\/thumbs\/ZOOMFC-qhagyevr5y95uawvwotas4jac3z94sh3zglri21cc8.png\" alt=\"FORMATION CONTINUE du 25\/11\/2023\" class=\"wpr-anim-timing-ease-default\"><\/div><div class=\"wpr-grid-media-hover wpr-animation-wrap\"><div class=\"wpr-grid-media-hover-bg  wpr-overlay-fade-in wpr-anim-size-large wpr-anim-timing-ease-default wpr-anim-transparency\" data-url=\"https:\/\/www.technique-nadeau.fr\/index.php\/2023\/12\/24\/formation-continue-du-25-11-2023\/\"><\/div><\/div><\/div><div class=\"wpr-grid-item-below-content elementor-clearfix\"><h2 class=\"wpr-grid-item-title elementor-repeater-item-ecab0b2 wpr-grid-item-display-block wpr-grid-item-align-left wpr-pointer-none wpr-pointer-line-fx wpr-pointer-fx-fade\"><div class=\"inner-block\"><a target=\"_self\"  href=\"https:\/\/www.technique-nadeau.fr\/index.php\/2023\/12\/24\/formation-continue-du-25-11-2023\/\">FORMATION CONTINUE du 25\/11\/2023<\/a><\/div><\/h2><div class=\"wpr-grid-item-date elementor-repeater-item-65bc472 wpr-grid-item-display-inline wpr-grid-item-align-left\"><div class=\"inner-block\"><span>24 d\u00e9cembre 2023<span class=\"wpr-grid-extra-text-right\">\/<\/span><\/span><\/div><\/div><div class=\"wpr-grid-item-excerpt elementor-repeater-item-0db2281 wpr-grid-item-display-block wpr-grid-item-align-left\"><div class=\"inner-block\"><p>10 participants pour la premi\u00e8re formation via zoom : \u00e9changes et partages via zoom<\/p><\/div><\/div><div class=\"wpr-grid-item-read-more elementor-repeater-item-895a0e5 wpr-grid-item-display-block wpr-grid-item-align-left\"><div class=\"inner-block\"><a target=\"_self\" href=\"https:\/\/www.technique-nadeau.fr\/index.php\/2023\/12\/24\/formation-continue-du-25-11-2023\/\" class=\"wpr-button-effect wpr-button-none\"><span>Lire<\/span><\/a><\/div><\/div><\/div><\/div><\/article><article class=\"wpr-grid-item elementor-clearfix post-273 post type-post status-publish format-standard has-post-thumbnail hentry category-non-classe\"><div class=\"wpr-grid-item-inner\"><div class=\"wpr-grid-media-wrap wpr-grayscale-in wpr-effect-size-medium \" data-overlay-link=\"yes\"><div class=\"wpr-grid-image-wrap\" data-src=\"https:\/\/www.technique-nadeau.fr\/wp-content\/uploads\/elementor\/thumbs\/IMG_0632-qhag3v4l1sfoijacahfsqu1zbajsyx75s9bo0bbyk8.png\" data-img-on-hover=\"\"  data-src-secondary=\"\"><img decoding=\"async\" data-no-lazy=\"1\" src=\"https:\/\/www.technique-nadeau.fr\/wp-content\/uploads\/elementor\/thumbs\/IMG_0632-qhag3v4l1sfoijacahfsqu1zbajsyx75s9bo0bbyk8.png\" alt=\"Hommage \u00e0 Colette MAHER  le 22\/10\/2023\" class=\"wpr-anim-timing-ease-default\"><\/div><div class=\"wpr-grid-media-hover wpr-animation-wrap\"><div class=\"wpr-grid-media-hover-bg  wpr-overlay-fade-in wpr-anim-size-large wpr-anim-timing-ease-default wpr-anim-transparency\" data-url=\"https:\/\/www.technique-nadeau.fr\/index.php\/2023\/12\/24\/homage-a-colette-maher-le-22-10-2023\/\"><\/div><\/div><\/div><div class=\"wpr-grid-item-below-content elementor-clearfix\"><h2 class=\"wpr-grid-item-title elementor-repeater-item-ecab0b2 wpr-grid-item-display-block wpr-grid-item-align-left wpr-pointer-none wpr-pointer-line-fx wpr-pointer-fx-fade\"><div class=\"inner-block\"><a target=\"_self\"  href=\"https:\/\/www.technique-nadeau.fr\/index.php\/2023\/12\/24\/homage-a-colette-maher-le-22-10-2023\/\">Hommage \u00e0 Colette MAHER le 22\/10\/2023<\/a><\/div><\/h2><div class=\"wpr-grid-item-date elementor-repeater-item-65bc472 wpr-grid-item-display-inline wpr-grid-item-align-left\"><div class=\"inner-block\"><span>24 d\u00e9cembre 2023<span class=\"wpr-grid-extra-text-right\">\/<\/span><\/span><\/div><\/div><div class=\"wpr-grid-item-excerpt elementor-repeater-item-0db2281 wpr-grid-item-display-block wpr-grid-item-align-left\"><div class=\"inner-block\"><p>Remise de la m\u00e9daille de l&rsquo;Assembl\u00e9e Nationale du Qu\u00e9bec pour les 50 ans de carri\u00e8re dans la sant\u00e9 et le...<\/p><\/div><\/div><div class=\"wpr-grid-item-read-more elementor-repeater-item-895a0e5 wpr-grid-item-display-block wpr-grid-item-align-left\"><div class=\"inner-block\"><a target=\"_self\" href=\"https:\/\/www.technique-nadeau.fr\/index.php\/2023\/12\/24\/homage-a-colette-maher-le-22-10-2023\/\" class=\"wpr-button-effect wpr-button-none\"><span>Lire<\/span><\/a><\/div><\/div><\/div><\/div><\/article><\/section><div class=\"wpr-grid-pagination elementor-clearfix wpr-grid-pagination-load-more\" data-pages=\"2\"><a href=\"https:\/\/www.technique-nadeau.fr\/index.php\/wp-json\/wp\/v2\/pages\/403\/page\/2\/\" class=\"wpr-load-more-btn\" data-e-disable-page-transition >Afficher plus<\/a><div class=\"wpr-pagination-loading\"><div class=\"wpr-double-bounce\"><div class=\"wpr-child wpr-double-bounce1\"><\/div><div class=\"wpr-child wpr-double-bounce2\"><\/div><\/div><\/div><p class=\"wpr-pagination-finish\">End of Content.<\/p><\/div>\t\t\t\t<\/div>\n\t\t\t\t<\/div>\n\t\t\t\t\t<\/div>\n\t\t\t\t<\/div>\n\t\t\t\t<\/div>\n\t\t","protected":false},"excerpt":{"rendered":"<p>Les actualit\u00e9s de l&rsquo;AFPTN All Posts Non class\u00e9 D\u00e9c\u00e8s de COLETTE MAHER le 29 juin 2024 22 juillet 2024\/Lire 4\u00e8me rencontre zoom du 7 juin 2024 24 juin 2024\/ 10 participants et tr\u00e8s riche en information avec la pr\u00e9sence de Ghislaine GASPER du QUEBEC. Lire L&rsquo;\u00e9mission enregistr\u00e9e avec Human&amp;terre le 2\/06\/24 \u00ab\u00a0Le mouvement c&rsquo;est la vie\u00a0\u00bb 5 juin 2024\/ Jean-michel PIERRE et V\u00e9ronique CHEVALLIER ont parl\u00e9 de la Technique Nadeau. Nous \u00e9tions 4 intervenants, chacun pr\u00e9sentant sa pratique :\u2026 Lire 3\u00e8me rencontre zoom du 5 avril 2024 21 avril 2024\/ Th\u00e8me la communication sur internet avec le site pourbienvieillir.fr de la Carsat, les r\u00e9seaux sociaux&#8230;.. Lire La communication de l&rsquo;AFPTN 21 avril 2024\/ 2\u00e8me rencontre zoom du 7 f\u00e9vrier 2024 Lire FORMATION CONTINUE du 25\/11\/2023 24 d\u00e9cembre 2023\/ 10 participants pour la premi\u00e8re formation via zoom : \u00e9changes et partages via zoom Lire Hommage \u00e0 Colette MAHER le 22\/10\/2023 24 d\u00e9cembre 2023\/ Remise de la m\u00e9daille de l&rsquo;Assembl\u00e9e Nationale du Qu\u00e9bec pour les 50 ans de carri\u00e8re dans la sant\u00e9 et le\u2026 Lire AG de l&rsquo;AFPTN du 22\/09\/2023 24 d\u00e9cembre 2023\/ 11 participants : Cr\u00e9ation de l&rsquo;AFFICHE DE L&rsquo;AFPTN Lire<\/p>\n","protected":false},"author":1,"featured_media":0,"parent":0,"menu_order":0,"comment_status":"closed","ping_status":"closed","template":"","meta":{"site-sidebar-layout":"no-sidebar","site-content-layout":"page-builder","ast-site-content-layout":"full-width-container","site-content-style":"default","site-sidebar-style":"default","ast-global-header-display":"","ast-banner-title-visibility":"","ast-main-header-display":"","ast-hfb-above-header-display":"","ast-hfb-below-header-display":"","ast-hfb-mobile-header-display":"","site-post-title":"disabled","ast-breadcrumbs-content":"","ast-featured-img":"disabled","footer-sml-layout":"","theme-transparent-header-meta":"","adv-header-id-meta":"","stick-header-meta":"","header-above-stick-meta":"","header-main-stick-meta":"","header-below-stick-meta":"","astra-migrate-meta-layouts":"default","ast-page-background-enabled":"default","ast-page-background-meta":{"desktop":{"background-color":"var(--ast-global-color-4)","background-image":"","background-repeat":"repeat","background-position":"center center","background-size":"auto","background-attachment":"scroll","background-type":"","background-media":"","overlay-type":"","overlay-color":"","overlay-gradient":""},"tablet":{"background-color":"","background-image":"","background-repeat":"repeat","background-position":"center center","background-size":"auto","background-attachment":"scroll","background-type":"","background-media":"","overlay-type":"","overlay-color":"","overlay-gradient":""},"mobile":{"background-color":"","background-image":"","background-repeat":"repeat","background-position":"center center","background-size":"auto","background-attachment":"scroll","background-type":"","background-media":"","overlay-type":"","overlay-color":"","overlay-gradient":""}},"ast-content-background-meta":{"desktop":{"background-color":"var(--ast-global-color-5)","background-image":"","background-repeat":"repeat","background-position":"center center","background-size":"auto","background-attachment":"scroll","background-type":"","background-media":"","overlay-type":"","overlay-color":"","overlay-gradient":""},"tablet":{"background-color":"var(--ast-global-color-5)","background-image":"","background-repeat":"repeat","background-position":"center center","background-size":"auto","background-attachment":"scroll","background-type":"","background-media":"","overlay-type":"","overlay-color":"","overlay-gradient":""},"mobile":{"background-color":"var(--ast-global-color-5)","background-image":"","background-repeat":"repeat","background-position":"center center","background-size":"auto","background-attachment":"scroll","background-type":"","background-media":"","overlay-type":"","overlay-color":"","overlay-gradient":""}},"footnotes":""},"class_list":["post-403","page","type-page","status-publish","hentry"],"_links":{"self":[{"href":"https:\/\/www.technique-nadeau.fr\/index.php\/wp-json\/wp\/v2\/pages\/403","targetHints":{"allow":["GET"]}}],"collection":[{"href":"https:\/\/www.technique-nadeau.fr\/index.php\/wp-json\/wp\/v2\/pages"}],"about":[{"href":"https:\/\/www.technique-nadeau.fr\/index.php\/wp-json\/wp\/v2\/types\/page"}],"author":[{"embeddable":true,"href":"https:\/\/www.technique-nadeau.fr\/index.php\/wp-json\/wp\/v2\/users\/1"}],"replies":[{"embeddable":true,"href":"https:\/\/www.technique-nadeau.fr\/index.php\/wp-json\/wp\/v2\/comments?post=403"}],"version-history":[{"count":19,"href":"https:\/\/www.technique-nadeau.fr\/index.php\/wp-json\/wp\/v2\/pages\/403\/revisions"}],"predecessor-version":[{"id":785,"href":"https:\/\/www.technique-nadeau.fr\/index.php\/wp-json\/wp\/v2\/pages\/403\/revisions\/785"}],"wp:attachment":[{"href":"https:\/\/www.technique-nadeau.fr\/index.php\/wp-json\/wp\/v2\/media?parent=403"}],"curies":[{"name":"wp","href":"https:\/\/api.w.org\/{rel}","templated":true}]}}