{"id":28,"date":"2023-11-13T22:45:12","date_gmt":"2023-11-13T21:45:12","guid":{"rendered":"https:\/\/assoprofnadeau.com\/?page_id=28"},"modified":"2024-12-22T15:37:56","modified_gmt":"2024-12-22T14:37:56","slug":"presentation","status":"publish","type":"page","link":"https:\/\/www.technique-nadeau.fr\/index.php\/presentation\/","title":{"rendered":"Pr\u00e9sentation"},"content":{"rendered":"\t\t<div data-elementor-type=\"wp-page\" data-elementor-id=\"28\" class=\"elementor elementor-28\">\n\t\t\t\t<div class=\"elementor-element elementor-element-cbe5280 e-flex e-con-boxed wpr-particle-no wpr-jarallax-no wpr-parallax-no wpr-sticky-section-no wpr-equal-height-no e-con e-parent\" data-id=\"cbe5280\" data-element_type=\"container\" data-e-type=\"container\" data-settings=\"{&quot;background_background&quot;:&quot;classic&quot;}\">\n\t\t\t\t\t<div class=\"e-con-inner\">\n\t\t\t\t<div class=\"elementor-element elementor-element-a80d3fb elementor-widget elementor-widget-heading\" data-id=\"a80d3fb\" data-element_type=\"widget\" data-e-type=\"widget\" data-widget_type=\"heading.default\">\n\t\t\t\t<div class=\"elementor-widget-container\">\n\t\t\t\t\t<h2 class=\"elementor-heading-title elementor-size-default\">La Technique Nadeau<\/h2>\t\t\t\t<\/div>\n\t\t\t\t<\/div>\n\t\t\t\t<div class=\"elementor-element elementor-element-e3d5bb0 elementor-widget elementor-widget-heading\" data-id=\"e3d5bb0\" data-element_type=\"widget\" data-e-type=\"widget\" data-widget_type=\"heading.default\">\n\t\t\t\t<div class=\"elementor-widget-container\">\n\t\t\t\t\t<h4 class=\"elementor-heading-title elementor-size-default\">Pr\u00e9sentation<\/h4>\t\t\t\t<\/div>\n\t\t\t\t<\/div>\n\t\t\t\t\t<\/div>\n\t\t\t\t<\/div>\n\t\t<div class=\"elementor-element elementor-element-c0c89e1 e-flex e-con-boxed wpr-particle-no wpr-jarallax-no wpr-parallax-no wpr-sticky-section-no wpr-equal-height-no e-con e-parent\" data-id=\"c0c89e1\" data-element_type=\"container\" data-e-type=\"container\">\n\t\t\t\t\t<div class=\"e-con-inner\">\n\t\t\t\t<div class=\"elementor-element elementor-element-1affb53 elementor-widget elementor-widget-heading\" data-id=\"1affb53\" data-element_type=\"widget\" data-e-type=\"widget\" data-widget_type=\"heading.default\">\n\t\t\t\t<div class=\"elementor-widget-container\">\n\t\t\t\t\t<h3 class=\"elementor-heading-title elementor-size-default\">Un bref historique<\/h3>\t\t\t\t<\/div>\n\t\t\t\t<\/div>\n\t\t\t\t<div class=\"elementor-element elementor-element-2f86936 elementor-widget elementor-widget-text-editor\" data-id=\"2f86936\" data-element_type=\"widget\" data-e-type=\"widget\" data-widget_type=\"text-editor.default\">\n\t\t\t\t<div class=\"elementor-widget-container\">\n\t\t\t\t\t\t\t\t\t<p>D\u2019origine beauceronne, Henri Nadeau en 1972 a 59 ans, et est devenu propri\u00e9taire d\u2019une usine de produits chimiques, un PDG stress\u00e9 \u00e0 Montr\u00e9al. Il est alors victime d\u2019un grave infarctus doubl\u00e9 d\u2019une thrombose infectieuse, demi-paralysie du bras gauche, trous de m\u00e9moire, voix \u00e9teinte et d\u00e9marche h\u00e9sitante, etc.\u00a0On lui conseille une intervention chirurgicale \u00e0 c\u0153ur ouvert avec une esp\u00e9rance de vie limit\u00e9e, mais il refuse.<\/p><p><strong>Il d\u00e9cide de r\u00e9agir<\/strong>\u00a0: il \u00e9tudie dans les livres la physiologie, la biologie, la cellule humaine et les principes fondamentaux de la vie. Il en tire une conclusion simple, \u00e0 savoir que l\u2019exercice et l\u2019oxyg\u00e9nation lui redonneraient des cellules saines et le maintiendraient jeune et en bonne sant\u00e9.<\/p>\t\t\t\t\t\t\t\t<\/div>\n\t\t\t\t<\/div>\n\t\t\t\t<div class=\"elementor-element elementor-element-56d4de7 elementor-widget elementor-widget-text-editor\" data-id=\"56d4de7\" data-element_type=\"widget\" data-e-type=\"widget\" data-widget_type=\"text-editor.default\">\n\t\t\t\t<div class=\"elementor-widget-container\">\n\t\t\t\t\t\t\t\t\t<p>Il r\u00eave alors de trouver un syst\u00e8me d\u2019exercices-miracles qui l\u2019aideraient \u00e0 obtenir le changement souhait\u00e9. C\u2019est alors qu\u2019\u00e0 la t\u00e9l\u00e9vision il voit appara\u00eetre des danseuses du ventre, qu\u2019il imite sur le champ, pendant 1 mn\u00a0; son c\u0153ur manque de flancher \u2026. Le lendemain, il recommence, seulement 15 secondes\u2026et s\u2019en porte bien et construit progressivement son syst\u00e8me \u00e0 base de 3 exercices r\u00e9p\u00e9t\u00e9s.<\/p>\t\t\t\t\t\t\t\t<\/div>\n\t\t\t\t<\/div>\n\t\t\t\t<div class=\"elementor-element elementor-element-f412adb elementor-widget elementor-widget-text-editor\" data-id=\"f412adb\" data-element_type=\"widget\" data-e-type=\"widget\" data-widget_type=\"text-editor.default\">\n\t\t\t\t<div class=\"elementor-widget-container\">\n\t\t\t\t\t\t\t\t\t<p>Neuf mois apr\u00e8s \u2013 ce fut une seconde naissance \u2013 il a recouvr\u00e9 la sant\u00e9, jet\u00e9 ses pilules, il peut manger ce qu\u2019il veut, fait de longues marches sans fatigue, reprend l\u2019usage de son bras gauche\u00a0; <strong>il (re)commence \u00e0 vivre \u00e0 60 ans\u00a0!<\/strong><\/p>\t\t\t\t\t\t\t\t<\/div>\n\t\t\t\t<\/div>\n\t\t\t\t<div class=\"elementor-element elementor-element-a2f155e elementor-widget elementor-widget-text-editor\" data-id=\"a2f155e\" data-element_type=\"widget\" data-e-type=\"widget\" data-widget_type=\"text-editor.default\">\n\t\t\t\t<div class=\"elementor-widget-container\">\n\t\t\t\t\t\t\t\t\t<p>Alors, \u00e9bahi par ces r\u00e9sultats, il tente de faire partager sa d\u00e9couverte, sans succ\u00e8s au d\u00e9but. En 1983\u00a0: il rencontre Colette Maher, professeure de yoga et de gymnastique douce bien connue au Qu\u00e9bec (elle intervenait dans une \u00e9mission hebdomadaire \u00e0 la t\u00e9l\u00e9) et lui montre ses exercices. Colette pressent tout de suite le formidable potentiel de cette m\u00e9thode dynamique, sentant bien qu\u2019avec les ann\u00e9es on a tendance \u00e0 bouger moins alors qu\u2019il serait important de bouger davantage. Avec M. Nadeau elle met au point l\u2019apprentissage et la formation des professeurs, \u00e9crit un livre (best-seller au Qu\u00e9bec), con\u00e7oit des CD et un DVD. Le plus \u00e9tonnant\u00a0: la m\u00e9thode donne des r\u00e9sultats positifs sur bien des pathologies, comme le prouvent rapidement de nombreux t\u00e9moignages.<\/p>\t\t\t\t\t\t\t\t<\/div>\n\t\t\t\t<\/div>\n\t\t\t\t<div class=\"elementor-element elementor-element-0c461f4 elementor-widget elementor-widget-text-editor\" data-id=\"0c461f4\" data-element_type=\"widget\" data-e-type=\"widget\" data-widget_type=\"text-editor.default\">\n\t\t\t\t<div class=\"elementor-widget-container\">\n\t\t\t\t\t\t\t\t\t<p>A la suite de Colette MAHER, c&rsquo;est Ghislaine GASPER qui h\u00e9rite de la marque de commerce \u00ab\u00a0Technique Nadeau\u00a0\u00bb en 2023.<\/p><p>Et en France, depuis Octobre 2024 c&rsquo;est V\u00e9ronique CHEVALLIER qui devient la r\u00e9f\u00e9rente en France de la Technique Nadeau, suite \u00e0 Monique FILLEAU que l&rsquo;on remercie pour avoir d\u00e9velopp\u00e9 en France la Technique Nadeau de 2006 \u00e0 2024.<\/p>\t\t\t\t\t\t\t\t<\/div>\n\t\t\t\t<\/div>\n\t\t\t\t<div class=\"elementor-element elementor-element-c3ddec3 gallery-spacing-custom elementor-widget elementor-widget-image-gallery\" data-id=\"c3ddec3\" data-element_type=\"widget\" data-e-type=\"widget\" data-widget_type=\"image-gallery.default\">\n\t\t\t\t<div class=\"elementor-widget-container\">\n\t\t\t\t\t\t\t<div class=\"elementor-image-gallery\">\n\t\t\t<div id='gallery-1' class='gallery galleryid-28 gallery-columns-3 gallery-size-medium'><figure class='gallery-item'>\n\t\t\t<div class='gallery-icon landscape'>\n\t\t\t\t<a data-elementor-open-lightbox=\"yes\" data-elementor-lightbox-slideshow=\"c3ddec3\" data-elementor-lightbox-title=\"presentation1\" data-e-action-hash=\"#elementor-action%3Aaction%3Dlightbox%26settings%3DeyJpZCI6NzI0LCJ1cmwiOiJodHRwczpcL1wvd3d3LnRlY2huaXF1ZS1uYWRlYXUuZnJcL3dwLWNvbnRlbnRcL3VwbG9hZHNcLzIwMjRcLzEyXC9wcmVzZW50YXRpb24xLXJvdGF0ZWQuanBnIiwic2xpZGVzaG93IjoiYzNkZGVjMyJ9\" href='https:\/\/www.technique-nadeau.fr\/wp-content\/uploads\/2024\/12\/presentation1-rotated.jpg'><img fetchpriority=\"high\" decoding=\"async\" width=\"300\" height=\"225\" src=\"https:\/\/www.technique-nadeau.fr\/wp-content\/uploads\/2024\/12\/presentation1-300x225.jpg\" class=\"attachment-medium size-medium\" alt=\"\" aria-describedby=\"gallery-1-724\" srcset=\"https:\/\/www.technique-nadeau.fr\/wp-content\/uploads\/2024\/12\/presentation1-300x225.jpg 300w, https:\/\/www.technique-nadeau.fr\/wp-content\/uploads\/2024\/12\/presentation1-1024x768.jpg 1024w, https:\/\/www.technique-nadeau.fr\/wp-content\/uploads\/2024\/12\/presentation1-768x576.jpg 768w, https:\/\/www.technique-nadeau.fr\/wp-content\/uploads\/2024\/12\/presentation1-rotated.jpg 1280w\" sizes=\"(max-width: 300px) 100vw, 300px\" \/><\/a>\n\t\t\t<\/div>\n\t\t\t\t<figcaption class='wp-caption-text gallery-caption' id='gallery-1-724'>\n\t\t\t\tV\u00e9ronique CHEVALLIER, Colette MAHER et Ghislaine GASPER\n\t\t\t\t<\/figcaption><\/figure><figure class='gallery-item'>\n\t\t\t<div class='gallery-icon landscape'>\n\t\t\t\t<a data-elementor-open-lightbox=\"yes\" data-elementor-lightbox-slideshow=\"c3ddec3\" data-elementor-lightbox-title=\"moniqueAfptn\" data-e-action-hash=\"#elementor-action%3Aaction%3Dlightbox%26settings%3DeyJpZCI6NzIzLCJ1cmwiOiJodHRwczpcL1wvd3d3LnRlY2huaXF1ZS1uYWRlYXUuZnJcL3dwLWNvbnRlbnRcL3VwbG9hZHNcLzIwMjRcLzEyXC9tb25pcXVlQWZwdG4uanBnIiwic2xpZGVzaG93IjoiYzNkZGVjMyJ9\" href='https:\/\/www.technique-nadeau.fr\/wp-content\/uploads\/2024\/12\/moniqueAfptn.jpg'><img decoding=\"async\" width=\"300\" height=\"192\" src=\"https:\/\/www.technique-nadeau.fr\/wp-content\/uploads\/2024\/12\/moniqueAfptn-300x192.jpg\" class=\"attachment-medium size-medium\" alt=\"\" aria-describedby=\"gallery-1-723\" srcset=\"https:\/\/www.technique-nadeau.fr\/wp-content\/uploads\/2024\/12\/moniqueAfptn-300x192.jpg 300w, https:\/\/www.technique-nadeau.fr\/wp-content\/uploads\/2024\/12\/moniqueAfptn.jpg 691w\" sizes=\"(max-width: 300px) 100vw, 300px\" \/><\/a>\n\t\t\t<\/div>\n\t\t\t\t<figcaption class='wp-caption-text gallery-caption' id='gallery-1-723'>\n\t\t\t\tMonique FILLEAU\n\t\t\t\t<\/figcaption><\/figure><figure class='gallery-item'>\n\t\t\t<div class='gallery-icon portrait'>\n\t\t\t\t<a data-elementor-open-lightbox=\"yes\" data-elementor-lightbox-slideshow=\"c3ddec3\" data-elementor-lightbox-title=\"HNADEAU\" data-e-action-hash=\"#elementor-action%3Aaction%3Dlightbox%26settings%3DeyJpZCI6NzIyLCJ1cmwiOiJodHRwczpcL1wvd3d3LnRlY2huaXF1ZS1uYWRlYXUuZnJcL3dwLWNvbnRlbnRcL3VwbG9hZHNcLzIwMjRcLzEyXC9ITkFERUFVLnBuZyIsInNsaWRlc2hvdyI6ImMzZGRlYzMifQ%3D%3D\" href='https:\/\/www.technique-nadeau.fr\/wp-content\/uploads\/2024\/12\/HNADEAU.png'><img decoding=\"async\" width=\"175\" height=\"254\" src=\"https:\/\/www.technique-nadeau.fr\/wp-content\/uploads\/2024\/12\/HNADEAU.png\" class=\"attachment-medium size-medium\" alt=\"\" aria-describedby=\"gallery-1-722\" \/><\/a>\n\t\t\t<\/div>\n\t\t\t\t<figcaption class='wp-caption-text gallery-caption' id='gallery-1-722'>\n\t\t\t\tHenri NADEAU, cr\u00e9ateur de la m\u00e9thode\n\t\t\t\t<\/figcaption><\/figure>\n\t\t<\/div>\n\t\t<\/div>\n\t\t\t\t\t\t<\/div>\n\t\t\t\t<\/div>\n\t\t\t\t\t<\/div>\n\t\t\t\t<\/div>\n\t\t<div class=\"elementor-element elementor-element-366f48d e-grid e-con-boxed wpr-particle-no wpr-jarallax-no wpr-parallax-no wpr-sticky-section-no wpr-equal-height-no e-con e-parent\" data-id=\"366f48d\" data-element_type=\"container\" data-e-type=\"container\">\n\t\t\t\t\t<div class=\"e-con-inner\">\n\t\t\t\t\t<\/div>\n\t\t\t\t<\/div>\n\t\t\t\t<\/div>\n\t\t","protected":false},"excerpt":{"rendered":"<p>La Technique Nadeau Pr\u00e9sentation Un bref historique D\u2019origine beauceronne, Henri Nadeau en 1972 a 59 ans, et est devenu propri\u00e9taire d\u2019une usine de produits chimiques, un PDG stress\u00e9 \u00e0 Montr\u00e9al. Il est alors victime d\u2019un grave infarctus doubl\u00e9 d\u2019une thrombose infectieuse, demi-paralysie du bras gauche, trous de m\u00e9moire, voix \u00e9teinte et d\u00e9marche h\u00e9sitante, etc.\u00a0On lui conseille une intervention chirurgicale \u00e0 c\u0153ur ouvert avec une esp\u00e9rance de vie limit\u00e9e, mais il refuse. Il d\u00e9cide de r\u00e9agir\u00a0: il \u00e9tudie dans les livres la physiologie, la biologie, la cellule humaine et les principes fondamentaux de la vie. Il en tire une conclusion simple, \u00e0 savoir que l\u2019exercice et l\u2019oxyg\u00e9nation lui redonneraient des cellules saines et le maintiendraient jeune et en bonne sant\u00e9. Il r\u00eave alors de trouver un syst\u00e8me d\u2019exercices-miracles qui l\u2019aideraient \u00e0 obtenir le changement souhait\u00e9. C\u2019est alors qu\u2019\u00e0 la t\u00e9l\u00e9vision il voit appara\u00eetre des danseuses du ventre, qu\u2019il imite sur le champ, pendant 1 mn\u00a0; son c\u0153ur manque de flancher \u2026. Le lendemain, il recommence, seulement 15 secondes\u2026et s\u2019en porte bien et construit progressivement son syst\u00e8me \u00e0 base de 3 exercices r\u00e9p\u00e9t\u00e9s. Neuf mois apr\u00e8s \u2013 ce fut une seconde naissance \u2013 il a recouvr\u00e9 la sant\u00e9, jet\u00e9 ses pilules, il peut manger ce qu\u2019il veut, fait de longues marches sans fatigue, reprend l\u2019usage de son bras gauche\u00a0; il (re)commence \u00e0 vivre \u00e0 60 ans\u00a0! Alors, \u00e9bahi par ces r\u00e9sultats, il tente de faire partager sa d\u00e9couverte, sans succ\u00e8s au d\u00e9but. En 1983\u00a0: il rencontre Colette Maher, professeure de yoga et de gymnastique douce bien connue au Qu\u00e9bec (elle intervenait dans une \u00e9mission hebdomadaire \u00e0 la t\u00e9l\u00e9) et lui montre ses exercices. Colette pressent tout de suite le formidable potentiel de cette m\u00e9thode dynamique, sentant bien qu\u2019avec les ann\u00e9es on a tendance \u00e0 bouger moins alors qu\u2019il serait important de bouger davantage. Avec M. Nadeau elle met au point l\u2019apprentissage et la formation des professeurs, \u00e9crit un livre (best-seller au Qu\u00e9bec), con\u00e7oit des CD et un DVD. Le plus \u00e9tonnant\u00a0: la m\u00e9thode donne des r\u00e9sultats positifs sur bien des pathologies, comme le prouvent rapidement de nombreux t\u00e9moignages. A la suite de Colette MAHER, c&rsquo;est Ghislaine GASPER qui h\u00e9rite de la marque de commerce \u00ab\u00a0Technique Nadeau\u00a0\u00bb en 2023. Et en France, depuis Octobre 2024 c&rsquo;est V\u00e9ronique CHEVALLIER qui devient la r\u00e9f\u00e9rente en France de la Technique Nadeau, suite \u00e0 Monique FILLEAU que l&rsquo;on remercie pour avoir d\u00e9velopp\u00e9 en France la Technique Nadeau de 2006 \u00e0 2024. V\u00e9ronique CHEVALLIER, Colette MAHER et Ghislaine GASPER Monique FILLEAU Henri NADEAU, cr\u00e9ateur de la m\u00e9thode<\/p>\n","protected":false},"author":1,"featured_media":0,"parent":0,"menu_order":0,"comment_status":"closed","ping_status":"closed","template":"","meta":{"site-sidebar-layout":"no-sidebar","site-content-layout":"page-builder","ast-site-content-layout":"full-width-container","site-content-style":"default","site-sidebar-style":"default","ast-global-header-display":"","ast-banner-title-visibility":"","ast-main-header-display":"","ast-hfb-above-header-display":"","ast-hfb-below-header-display":"","ast-hfb-mobile-header-display":"","site-post-title":"disabled","ast-breadcrumbs-content":"","ast-featured-img":"disabled","footer-sml-layout":"","theme-transparent-header-meta":"","adv-header-id-meta":"","stick-header-meta":"","header-above-stick-meta":"","header-main-stick-meta":"","header-below-stick-meta":"","astra-migrate-meta-layouts":"set","ast-page-background-enabled":"default","ast-page-background-meta":{"desktop":{"background-color":"var(--ast-global-color-4)","background-image":"","background-repeat":"repeat","background-position":"center center","background-size":"auto","background-attachment":"scroll","background-type":"","background-media":"","overlay-type":"","overlay-color":"","overlay-gradient":""},"tablet":{"background-color":"","background-image":"","background-repeat":"repeat","background-position":"center center","background-size":"auto","background-attachment":"scroll","background-type":"","background-media":"","overlay-type":"","overlay-color":"","overlay-gradient":""},"mobile":{"background-color":"","background-image":"","background-repeat":"repeat","background-position":"center center","background-size":"auto","background-attachment":"scroll","background-type":"","background-media":"","overlay-type":"","overlay-color":"","overlay-gradient":""}},"ast-content-background-meta":{"desktop":{"background-color":"var(--ast-global-color-5)","background-image":"","background-repeat":"repeat","background-position":"center center","background-size":"auto","background-attachment":"scroll","background-type":"","background-media":"","overlay-type":"","overlay-color":"","overlay-gradient":""},"tablet":{"background-color":"var(--ast-global-color-5)","background-image":"","background-repeat":"repeat","background-position":"center center","background-size":"auto","background-attachment":"scroll","background-type":"","background-media":"","overlay-type":"","overlay-color":"","overlay-gradient":""},"mobile":{"background-color":"var(--ast-global-color-5)","background-image":"","background-repeat":"repeat","background-position":"center center","background-size":"auto","background-attachment":"scroll","background-type":"","background-media":"","overlay-type":"","overlay-color":"","overlay-gradient":""}},"footnotes":""},"class_list":["post-28","page","type-page","status-publish","hentry"],"_links":{"self":[{"href":"https:\/\/www.technique-nadeau.fr\/index.php\/wp-json\/wp\/v2\/pages\/28","targetHints":{"allow":["GET"]}}],"collection":[{"href":"https:\/\/www.technique-nadeau.fr\/index.php\/wp-json\/wp\/v2\/pages"}],"about":[{"href":"https:\/\/www.technique-nadeau.fr\/index.php\/wp-json\/wp\/v2\/types\/page"}],"author":[{"embeddable":true,"href":"https:\/\/www.technique-nadeau.fr\/index.php\/wp-json\/wp\/v2\/users\/1"}],"replies":[{"embeddable":true,"href":"https:\/\/www.technique-nadeau.fr\/index.php\/wp-json\/wp\/v2\/comments?post=28"}],"version-history":[{"count":80,"href":"https:\/\/www.technique-nadeau.fr\/index.php\/wp-json\/wp\/v2\/pages\/28\/revisions"}],"predecessor-version":[{"id":965,"href":"https:\/\/www.technique-nadeau.fr\/index.php\/wp-json\/wp\/v2\/pages\/28\/revisions\/965"}],"wp:attachment":[{"href":"https:\/\/www.technique-nadeau.fr\/index.php\/wp-json\/wp\/v2\/media?parent=28"}],"curies":[{"name":"wp","href":"https:\/\/api.w.org\/{rel}","templated":true}]}}