{"id":145,"date":"2023-12-06T18:44:56","date_gmt":"2023-12-06T17:44:56","guid":{"rendered":"https:\/\/assoprofnadeau.com\/?page_id=145"},"modified":"2024-12-17T15:27:51","modified_gmt":"2024-12-17T14:27:51","slug":"temoignages","status":"publish","type":"page","link":"https:\/\/www.technique-nadeau.fr\/index.php\/temoignages\/","title":{"rendered":"T\u00e9moignages"},"content":{"rendered":"\t\t<div data-elementor-type=\"wp-page\" data-elementor-id=\"145\" class=\"elementor elementor-145\">\n\t\t\t\t<div class=\"elementor-element elementor-element-4d1b117 e-flex e-con-boxed wpr-particle-no wpr-jarallax-no wpr-parallax-no wpr-sticky-section-no wpr-equal-height-no e-con e-parent\" data-id=\"4d1b117\" data-element_type=\"container\" data-e-type=\"container\" data-settings=\"{&quot;background_background&quot;:&quot;classic&quot;}\">\n\t\t\t\t\t<div class=\"e-con-inner\">\n\t\t\t\t<div class=\"elementor-element elementor-element-0ad8b7d elementor-widget elementor-widget-heading\" data-id=\"0ad8b7d\" data-element_type=\"widget\" data-e-type=\"widget\" data-widget_type=\"heading.default\">\n\t\t\t\t<div class=\"elementor-widget-container\">\n\t\t\t\t\t<h2 class=\"elementor-heading-title elementor-size-default\">T\u00e9moignages<\/h2>\t\t\t\t<\/div>\n\t\t\t\t<\/div>\n\t\t\t\t\t<\/div>\n\t\t\t\t<\/div>\n\t\t<div class=\"elementor-element elementor-element-bff1847 e-flex e-con-boxed wpr-particle-no wpr-jarallax-no wpr-parallax-no wpr-sticky-section-no wpr-equal-height-no e-con e-parent\" data-id=\"bff1847\" data-element_type=\"container\" data-e-type=\"container\">\n\t\t\t\t\t<div class=\"e-con-inner\">\n\t\t\t\t<div class=\"elementor-element elementor-element-7c3c536 elementor-widget elementor-widget-heading\" data-id=\"7c3c536\" data-element_type=\"widget\" data-e-type=\"widget\" data-widget_type=\"heading.default\">\n\t\t\t\t<div class=\"elementor-widget-container\">\n\t\t\t\t\t<h4 class=\"elementor-heading-title elementor-size-default\">Une compilation de quelques retours de pratiquantes et pratiquants de la technique<\/h4>\t\t\t\t<\/div>\n\t\t\t\t<\/div>\n\t\t\t\t<div class=\"elementor-element elementor-element-aade190 elementor-widget elementor-widget-testimonial\" data-id=\"aade190\" data-element_type=\"widget\" data-e-type=\"widget\" data-widget_type=\"testimonial.default\">\n\t\t\t\t<div class=\"elementor-widget-container\">\n\t\t\t\t\t\t\t<div class=\"elementor-testimonial-wrapper\">\n\t\t\t\t\t\t\t<div class=\"elementor-testimonial-content\">Bonjour Jean-Michel, <br \/>\nPetit r\u00e9capitulatif des bienfaits de la technique Nadeau, en ce qui me concerne :<br \/>\nPlus du tout mal au dos (lombaire) depuis quelques mois.<br \/>\nDisparition totale d'une douleur dans les mains (arthrose).<br \/>\nDisparition aussi d'un probl\u00e8me d'\u00e9pine calcan\u00e9enne sous les 2 pieds (la disparition de la douleur est totale).<br \/>\nMoins d'essoufflement lors de marches rapides, et bonne \u00e9nergie dans l'ensemble.<br \/>\nEn tout cas, MERCI \u00e0 Monsieur Nadeau et merci \u00e0 toi de m'avoir enseign\u00e9 cette technique...\n<\/div>\n\t\t\t\n\t\t\t\t\t\t<div class=\"elementor-testimonial-meta elementor-has-image elementor-testimonial-image-position-aside\">\n\t\t\t\t<div class=\"elementor-testimonial-meta-inner\">\n\t\t\t\t\t\t\t\t\t\t\t<div class=\"elementor-testimonial-image\">\n\t\t\t\t\t\t\t<img decoding=\"async\" src=\"https:\/\/www.technique-nadeau.fr\/wp-content\/plugins\/elementor\/assets\/images\/placeholder.png\" title=\"\" alt=\"\" loading=\"lazy\" \/>\t\t\t\t\t\t<\/div>\n\t\t\t\t\t\n\t\t\t\t\t\t\t\t\t\t<div class=\"elementor-testimonial-details\">\n\t\t\t\t\t\t\t\t\t\t\t\t\t\t<div class=\"elementor-testimonial-name\">Catherine B. <\/div>\n\t\t\t\t\t\t\t\t\t\t\t\t\t\t\t\t\t\t\t\t\t\t<div class=\"elementor-testimonial-job\">Fin 2018<\/div>\n\t\t\t\t\t\t\t\t\t\t\t\t\t<\/div>\n\t\t\t\t\t\t\t\t\t<\/div>\n\t\t\t<\/div>\n\t\t\t\t\t<\/div>\n\t\t\t\t\t\t<\/div>\n\t\t\t\t<\/div>\n\t\t\t\t<div class=\"elementor-element elementor-element-e7068f1 elementor-widget elementor-widget-testimonial\" data-id=\"e7068f1\" data-element_type=\"widget\" data-e-type=\"widget\" data-widget_type=\"testimonial.default\">\n\t\t\t\t<div class=\"elementor-widget-container\">\n\t\t\t\t\t\t\t<div class=\"elementor-testimonial-wrapper\">\n\t\t\t\t\t\t\t<div class=\"elementor-testimonial-content\">Apr\u00e8s la pratique du matin, je ne suis pas la m\u00eame.<br \/>\nJe sens que je me suis fait du bien.<br \/>\nJe suis lanc\u00e9e pour la journ\u00e9e.\n<\/div>\n\t\t\t\n\t\t\t\t\t\t<div class=\"elementor-testimonial-meta elementor-has-image elementor-testimonial-image-position-aside\">\n\t\t\t\t<div class=\"elementor-testimonial-meta-inner\">\n\t\t\t\t\t\t\t\t\t\t\t<div class=\"elementor-testimonial-image\">\n\t\t\t\t\t\t\t<img decoding=\"async\" src=\"https:\/\/www.technique-nadeau.fr\/wp-content\/plugins\/elementor\/assets\/images\/placeholder.png\" title=\"\" alt=\"\" loading=\"lazy\" \/>\t\t\t\t\t\t<\/div>\n\t\t\t\t\t\n\t\t\t\t\t\t\t\t\t\t<div class=\"elementor-testimonial-details\">\n\t\t\t\t\t\t\t\t\t\t\t\t\t\t<div class=\"elementor-testimonial-name\">B\u00e9n\u00e9dicte D.<\/div>\n\t\t\t\t\t\t\t\t\t\t\t\t\t\t\t\t\t\t\t\t\t\t<div class=\"elementor-testimonial-job\">Mars 2023<\/div>\n\t\t\t\t\t\t\t\t\t\t\t\t\t<\/div>\n\t\t\t\t\t\t\t\t\t<\/div>\n\t\t\t<\/div>\n\t\t\t\t\t<\/div>\n\t\t\t\t\t\t<\/div>\n\t\t\t\t<\/div>\n\t\t\t\t<div class=\"elementor-element elementor-element-e4a00c2 elementor-widget elementor-widget-testimonial\" data-id=\"e4a00c2\" data-element_type=\"widget\" data-e-type=\"widget\" data-widget_type=\"testimonial.default\">\n\t\t\t\t<div class=\"elementor-widget-container\">\n\t\t\t\t\t\t\t<div class=\"elementor-testimonial-wrapper\">\n\t\t\t\t\t\t\t<div class=\"elementor-testimonial-content\">Je tenais \u00e0 te remercier de nouveau et encore et toujours pour cette \nm\u00e9thode Nadeau, qui a \u00e9loign\u00e9 mon mal de dos depuis d\u00e9but 2020.<br \/>\nB\u00e9n\u00e9fice consid\u00e9rable, voire miraculeux : probl\u00e8mes de dos totalement disparus.\n\n<\/div>\n\t\t\t\n\t\t\t\t\t\t<div class=\"elementor-testimonial-meta elementor-has-image elementor-testimonial-image-position-aside\">\n\t\t\t\t<div class=\"elementor-testimonial-meta-inner\">\n\t\t\t\t\t\t\t\t\t\t\t<div class=\"elementor-testimonial-image\">\n\t\t\t\t\t\t\t<img decoding=\"async\" src=\"https:\/\/www.technique-nadeau.fr\/wp-content\/plugins\/elementor\/assets\/images\/placeholder.png\" title=\"\" alt=\"\" loading=\"lazy\" \/>\t\t\t\t\t\t<\/div>\n\t\t\t\t\t\n\t\t\t\t\t\t\t\t\t\t<div class=\"elementor-testimonial-details\">\n\t\t\t\t\t\t\t\t\t\t\t\t\t\t<div class=\"elementor-testimonial-name\">Jean-Claude P.<\/div>\n\t\t\t\t\t\t\t\t\t\t\t\t\t\t\t\t\t\t\t\t\t\t<div class=\"elementor-testimonial-job\">2023<\/div>\n\t\t\t\t\t\t\t\t\t\t\t\t\t<\/div>\n\t\t\t\t\t\t\t\t\t<\/div>\n\t\t\t<\/div>\n\t\t\t\t\t<\/div>\n\t\t\t\t\t\t<\/div>\n\t\t\t\t<\/div>\n\t\t\t\t<div class=\"elementor-element elementor-element-bf9a12e elementor-widget elementor-widget-testimonial\" data-id=\"bf9a12e\" data-element_type=\"widget\" data-e-type=\"widget\" data-widget_type=\"testimonial.default\">\n\t\t\t\t<div class=\"elementor-widget-container\">\n\t\t\t\t\t\t\t<div class=\"elementor-testimonial-wrapper\">\n\t\t\t\t\t\t\t<div class=\"elementor-testimonial-content\">\u2026 Je suis persuad\u00e9e que la rotation du bassin et la vague dans la Technique Nadeau que je pratique quotidiennement depuis plus de 35 ans ont fortifi\u00e9 les os et la musculature de mon bassin et ont contribu\u00e9 \u00e0 ma gu\u00e9rison ultra rapide. N\u2019est-ce pas merveilleux!\n\n<\/div>\n\t\t\t\n\t\t\t\t\t\t<div class=\"elementor-testimonial-meta elementor-has-image elementor-testimonial-image-position-aside\">\n\t\t\t\t<div class=\"elementor-testimonial-meta-inner\">\n\t\t\t\t\t\t\t\t\t\t\t<div class=\"elementor-testimonial-image\">\n\t\t\t\t\t\t\t<img decoding=\"async\" src=\"https:\/\/www.technique-nadeau.fr\/wp-content\/plugins\/elementor\/assets\/images\/placeholder.png\" title=\"\" alt=\"\" loading=\"lazy\" \/>\t\t\t\t\t\t<\/div>\n\t\t\t\t\t\n\t\t\t\t\t\t\t\t\t\t<div class=\"elementor-testimonial-details\">\n\t\t\t\t\t\t\t\t\t\t\t\t\t\t<div class=\"elementor-testimonial-name\">Colette Maher<\/div>\n\t\t\t\t\t\t\t\t\t\t\t\t\t\t\t\t\t\t\t\t\t\t<div class=\"elementor-testimonial-job\">\u00e0 plus de 80 ans apr\u00e8s une chute brutale<br \/> sur du ciment occasionnant une fracture de f\u00e9mur<\/div>\n\t\t\t\t\t\t\t\t\t\t\t\t\t<\/div>\n\t\t\t\t\t\t\t\t\t<\/div>\n\t\t\t<\/div>\n\t\t\t\t\t<\/div>\n\t\t\t\t\t\t<\/div>\n\t\t\t\t<\/div>\n\t\t\t\t<div class=\"elementor-element elementor-element-6e1a27f elementor-widget elementor-widget-testimonial\" data-id=\"6e1a27f\" data-element_type=\"widget\" data-e-type=\"widget\" data-widget_type=\"testimonial.default\">\n\t\t\t\t<div class=\"elementor-widget-container\">\n\t\t\t\t\t\t\t<div class=\"elementor-testimonial-wrapper\">\n\t\t\t\t\t\t\t<div class=\"elementor-testimonial-content\">\u00c0 54 ans, j\u2019avais des migraines r\u00e9guli\u00e8rement, un tassement de vert\u00e8bres lombaires, des maux de dos (sciatique), une fragilit\u00e9 digestive due \u00e0 une maladie de Crohn, et des probl\u00e8mes naissants de prostate. D\u00e9couvrant la Technique Nadeau, je m\u2019y suis mis. R\u00e9sultat quelques mois apr\u00e8s : disparition des migraines, finis les maux de dos, meilleure digestion, du mieux c\u00f4t\u00e9 prostate, bonne \u00e9nergie et bon moral chaque jour.<br \/> Je sais ce que je dois \u00e0 cette m\u00e9thode, que je pratique tous les matins depuis 18 ans !\n\n<\/div>\n\t\t\t\n\t\t\t\t\t\t<div class=\"elementor-testimonial-meta elementor-has-image elementor-testimonial-image-position-aside\">\n\t\t\t\t<div class=\"elementor-testimonial-meta-inner\">\n\t\t\t\t\t\t\t\t\t\t\t<div class=\"elementor-testimonial-image\">\n\t\t\t\t\t\t\t<img decoding=\"async\" src=\"https:\/\/www.technique-nadeau.fr\/wp-content\/plugins\/elementor\/assets\/images\/placeholder.png\" title=\"\" alt=\"\" loading=\"lazy\" \/>\t\t\t\t\t\t<\/div>\n\t\t\t\t\t\n\t\t\t\t\t\t\t\t\t\t<div class=\"elementor-testimonial-details\">\n\t\t\t\t\t\t\t\t\t\t\t\t\t\t<div class=\"elementor-testimonial-name\">Jean-Michel P.<\/div>\n\t\t\t\t\t\t\t\t\t\t\t\t\t\t\t\t\t\t\t\t\t\t<div class=\"elementor-testimonial-job\">2023<\/div>\n\t\t\t\t\t\t\t\t\t\t\t\t\t<\/div>\n\t\t\t\t\t\t\t\t\t<\/div>\n\t\t\t<\/div>\n\t\t\t\t\t<\/div>\n\t\t\t\t\t\t<\/div>\n\t\t\t\t<\/div>\n\t\t\t\t<div class=\"elementor-element elementor-element-ffb36f6 elementor-widget elementor-widget-testimonial\" data-id=\"ffb36f6\" data-element_type=\"widget\" data-e-type=\"widget\" data-widget_type=\"testimonial.default\">\n\t\t\t\t<div class=\"elementor-widget-container\">\n\t\t\t\t\t\t\t<div class=\"elementor-testimonial-wrapper\">\n\t\t\t\t\t\t\t<div class=\"elementor-testimonial-content\"><br>La Technique Nadeau m'apporte beaucoup de Bien-\u00eatre. J'appr\u00e9cie de devenir acteur de ma gu\u00e9rison en seulement 20 minutes par jour. Les exercices sont tr\u00e8s savoureux \u00e0 pratiquer et mes douleurs d'\u00e9paules et des lombaires ont pratiquement disparues.Je conseille vivement cette m\u00e9thode pleine de vie. Merci \u00e0 Mr Henri Nadeau.\n\n<\/div>\n\t\t\t\n\t\t\t\t\t\t<div class=\"elementor-testimonial-meta elementor-has-image elementor-testimonial-image-position-aside\">\n\t\t\t\t<div class=\"elementor-testimonial-meta-inner\">\n\t\t\t\t\t\t\t\t\t\t\t<div class=\"elementor-testimonial-image\">\n\t\t\t\t\t\t\t<img decoding=\"async\" src=\"https:\/\/www.technique-nadeau.fr\/wp-content\/plugins\/elementor\/assets\/images\/placeholder.png\" title=\"\" alt=\"\" loading=\"lazy\" \/>\t\t\t\t\t\t<\/div>\n\t\t\t\t\t\n\t\t\t\t\t\t\t\t\t\t<div class=\"elementor-testimonial-details\">\n\t\t\t\t\t\t\t\t\t\t\t\t\t\t<div class=\"elementor-testimonial-name\">Marc B. Kin\u00e9sith\u00e9rapeute.<\/div>\n\t\t\t\t\t\t\t\t\t\t\t\t\t\t\t\t\t\t\t\t\t\t<div class=\"elementor-testimonial-job\">2022<\/div>\n\t\t\t\t\t\t\t\t\t\t\t\t\t<\/div>\n\t\t\t\t\t\t\t\t\t<\/div>\n\t\t\t<\/div>\n\t\t\t\t\t<\/div>\n\t\t\t\t\t\t<\/div>\n\t\t\t\t<\/div>\n\t\t\t\t<div class=\"elementor-element elementor-element-9243629 elementor-widget elementor-widget-testimonial\" data-id=\"9243629\" data-element_type=\"widget\" data-e-type=\"widget\" data-widget_type=\"testimonial.default\">\n\t\t\t\t<div class=\"elementor-widget-container\">\n\t\t\t\t\t\t\t<div class=\"elementor-testimonial-wrapper\">\n\t\t\t\t\t\t\t<div class=\"elementor-testimonial-content\">A 52 ans \u00e0 la p\u00e9riode de la m\u00e9nopause, et suite \u00e0 des deuils, j'\u00e9tais tr\u00e8s mal dans mon corps et ma t\u00eate.<br>j'ai d\u00e9couvert la Technique Nadeau que je pratique depuis 2012, chaque jour car je ressens un tel mieux \u00eatre que je ne peux plus m'en passer. Finis les migraines, les maux de dos et aux cervicales, j'ai retrouv\u00e9 la ligne, et j'ai un bon transit. Chaque matin je d\u00e9marre ma journ\u00e9e pleine de vitalit\u00e9 et de joie de vivre. \" Bien dans ma t\u00eate et mon corps \" J'\u00e9coute mon corps et je me fais du bien. <\/div>\n\t\t\t\n\t\t\t\t\t\t<div class=\"elementor-testimonial-meta elementor-has-image elementor-testimonial-image-position-aside\">\n\t\t\t\t<div class=\"elementor-testimonial-meta-inner\">\n\t\t\t\t\t\t\t\t\t\t\t<div class=\"elementor-testimonial-image\">\n\t\t\t\t\t\t\t<img decoding=\"async\" src=\"https:\/\/www.technique-nadeau.fr\/wp-content\/plugins\/elementor\/assets\/images\/placeholder.png\" title=\"\" alt=\"\" loading=\"lazy\" \/>\t\t\t\t\t\t<\/div>\n\t\t\t\t\t\n\t\t\t\t\t\t\t\t\t\t<div class=\"elementor-testimonial-details\">\n\t\t\t\t\t\t\t\t\t\t\t\t\t\t<div class=\"elementor-testimonial-name\">V\u00e9ronique C.<\/div>\n\t\t\t\t\t\t\t\t\t\t\t\t\t\t\t\t\t\t\t\t\t\t<div class=\"elementor-testimonial-job\">2023<\/div>\n\t\t\t\t\t\t\t\t\t\t\t\t\t<\/div>\n\t\t\t\t\t\t\t\t\t<\/div>\n\t\t\t<\/div>\n\t\t\t\t\t<\/div>\n\t\t\t\t\t\t<\/div>\n\t\t\t\t<\/div>\n\t\t\t\t\t<\/div>\n\t\t\t\t<\/div>\n\t\t\t\t<\/div>\n\t\t","protected":false},"excerpt":{"rendered":"<p>T\u00e9moignages Une compilation de quelques retours de pratiquantes et pratiquants de la technique Bonjour Jean-Michel, Petit r\u00e9capitulatif des bienfaits de la technique Nadeau, en ce qui me concerne : Plus du tout mal au dos (lombaire) depuis quelques mois. Disparition totale d&rsquo;une douleur dans les mains (arthrose). Disparition aussi d&rsquo;un probl\u00e8me d&rsquo;\u00e9pine calcan\u00e9enne sous les 2 pieds (la disparition de la douleur est totale). Moins d&rsquo;essoufflement lors de marches rapides, et bonne \u00e9nergie dans l&rsquo;ensemble. En tout cas, MERCI \u00e0 Monsieur Nadeau et merci \u00e0 toi de m&rsquo;avoir enseign\u00e9 cette technique&#8230; Catherine B. Fin 2018 Apr\u00e8s la pratique du matin, je ne suis pas la m\u00eame. Je sens que je me suis fait du bien. Je suis lanc\u00e9e pour la journ\u00e9e. B\u00e9n\u00e9dicte D. Mars 2023 Je tenais \u00e0 te remercier de nouveau et encore et toujours pour cette m\u00e9thode Nadeau, qui a \u00e9loign\u00e9 mon mal de dos depuis d\u00e9but 2020. B\u00e9n\u00e9fice consid\u00e9rable, voire miraculeux : probl\u00e8mes de dos totalement disparus. Jean-Claude P. 2023 \u2026 Je suis persuad\u00e9e que la rotation du bassin et la vague dans la Technique Nadeau que je pratique quotidiennement depuis plus de 35 ans ont fortifi\u00e9 les os et la musculature de mon bassin et ont contribu\u00e9 \u00e0 ma gu\u00e9rison ultra rapide. N\u2019est-ce pas merveilleux! Colette Maher \u00e0 plus de 80 ans apr\u00e8s une chute brutale sur du ciment occasionnant une fracture de f\u00e9mur \u00c0 54 ans, j\u2019avais des migraines r\u00e9guli\u00e8rement, un tassement de vert\u00e8bres lombaires, des maux de dos (sciatique), une fragilit\u00e9 digestive due \u00e0 une maladie de Crohn, et des probl\u00e8mes naissants de prostate. D\u00e9couvrant la Technique Nadeau, je m\u2019y suis mis. R\u00e9sultat quelques mois apr\u00e8s : disparition des migraines, finis les maux de dos, meilleure digestion, du mieux c\u00f4t\u00e9 prostate, bonne \u00e9nergie et bon moral chaque jour. Je sais ce que je dois \u00e0 cette m\u00e9thode, que je pratique tous les matins depuis 18 ans ! Jean-Michel P. 2023 La Technique Nadeau m&rsquo;apporte beaucoup de Bien-\u00eatre. J&rsquo;appr\u00e9cie de devenir acteur de ma gu\u00e9rison en seulement 20 minutes par jour. Les exercices sont tr\u00e8s savoureux \u00e0 pratiquer et mes douleurs d&rsquo;\u00e9paules et des lombaires ont pratiquement disparues.Je conseille vivement cette m\u00e9thode pleine de vie. Merci \u00e0 Mr Henri Nadeau. Marc B. Kin\u00e9sith\u00e9rapeute. 2022 A 52 ans \u00e0 la p\u00e9riode de la m\u00e9nopause, et suite \u00e0 des deuils, j&rsquo;\u00e9tais tr\u00e8s mal dans mon corps et ma t\u00eate.j&rsquo;ai d\u00e9couvert la Technique Nadeau que je pratique depuis 2012, chaque jour car je ressens un tel mieux \u00eatre que je ne peux plus m&rsquo;en passer. Finis les migraines, les maux de dos et aux cervicales, j&rsquo;ai retrouv\u00e9 la ligne, et j&rsquo;ai un bon transit. Chaque matin je d\u00e9marre ma journ\u00e9e pleine de vitalit\u00e9 et de joie de vivre. \u00a0\u00bb Bien dans ma t\u00eate et mon corps \u00a0\u00bb J&rsquo;\u00e9coute mon corps et je me fais du bien. V\u00e9ronique C. 2023<\/p>\n","protected":false},"author":1,"featured_media":0,"parent":0,"menu_order":0,"comment_status":"closed","ping_status":"closed","template":"","meta":{"site-sidebar-layout":"no-sidebar","site-content-layout":"page-builder","ast-site-content-layout":"full-width-container","site-content-style":"default","site-sidebar-style":"default","ast-global-header-display":"","ast-banner-title-visibility":"","ast-main-header-display":"","ast-hfb-above-header-display":"","ast-hfb-below-header-display":"","ast-hfb-mobile-header-display":"","site-post-title":"disabled","ast-breadcrumbs-content":"","ast-featured-img":"disabled","footer-sml-layout":"","theme-transparent-header-meta":"","adv-header-id-meta":"","stick-header-meta":"","header-above-stick-meta":"","header-main-stick-meta":"","header-below-stick-meta":"","astra-migrate-meta-layouts":"set","ast-page-background-enabled":"default","ast-page-background-meta":{"desktop":{"background-color":"var(--ast-global-color-4)","background-image":"","background-repeat":"repeat","background-position":"center center","background-size":"auto","background-attachment":"scroll","background-type":"","background-media":"","overlay-type":"","overlay-color":"","overlay-gradient":""},"tablet":{"background-color":"","background-image":"","background-repeat":"repeat","background-position":"center center","background-size":"auto","background-attachment":"scroll","background-type":"","background-media":"","overlay-type":"","overlay-color":"","overlay-gradient":""},"mobile":{"background-color":"","background-image":"","background-repeat":"repeat","background-position":"center center","background-size":"auto","background-attachment":"scroll","background-type":"","background-media":"","overlay-type":"","overlay-color":"","overlay-gradient":""}},"ast-content-background-meta":{"desktop":{"background-color":"var(--ast-global-color-5)","background-image":"","background-repeat":"repeat","background-position":"center center","background-size":"auto","background-attachment":"scroll","background-type":"","background-media":"","overlay-type":"","overlay-color":"","overlay-gradient":""},"tablet":{"background-color":"var(--ast-global-color-5)","background-image":"","background-repeat":"repeat","background-position":"center center","background-size":"auto","background-attachment":"scroll","background-type":"","background-media":"","overlay-type":"","overlay-color":"","overlay-gradient":""},"mobile":{"background-color":"var(--ast-global-color-5)","background-image":"","background-repeat":"repeat","background-position":"center center","background-size":"auto","background-attachment":"scroll","background-type":"","background-media":"","overlay-type":"","overlay-color":"","overlay-gradient":""}},"footnotes":""},"class_list":["post-145","page","type-page","status-publish","hentry"],"_links":{"self":[{"href":"https:\/\/www.technique-nadeau.fr\/index.php\/wp-json\/wp\/v2\/pages\/145","targetHints":{"allow":["GET"]}}],"collection":[{"href":"https:\/\/www.technique-nadeau.fr\/index.php\/wp-json\/wp\/v2\/pages"}],"about":[{"href":"https:\/\/www.technique-nadeau.fr\/index.php\/wp-json\/wp\/v2\/types\/page"}],"author":[{"embeddable":true,"href":"https:\/\/www.technique-nadeau.fr\/index.php\/wp-json\/wp\/v2\/users\/1"}],"replies":[{"embeddable":true,"href":"https:\/\/www.technique-nadeau.fr\/index.php\/wp-json\/wp\/v2\/comments?post=145"}],"version-history":[{"count":25,"href":"https:\/\/www.technique-nadeau.fr\/index.php\/wp-json\/wp\/v2\/pages\/145\/revisions"}],"predecessor-version":[{"id":767,"href":"https:\/\/www.technique-nadeau.fr\/index.php\/wp-json\/wp\/v2\/pages\/145\/revisions\/767"}],"wp:attachment":[{"href":"https:\/\/www.technique-nadeau.fr\/index.php\/wp-json\/wp\/v2\/media?parent=145"}],"curies":[{"name":"wp","href":"https:\/\/api.w.org\/{rel}","templated":true}]}}